{"id":1014,"date":"2026-02-17T20:00:55","date_gmt":"2026-02-17T20:00:55","guid":{"rendered":"https:\/\/www.loveyourjaws.com\/sobre-nosotros\/"},"modified":"2026-04-30T14:08:05","modified_gmt":"2026-04-30T14:08:05","slug":"sobre-nosotros","status":"publish","type":"page","link":"https:\/\/www.loveyourjaws.com\/es\/sobre-nosotros\/","title":{"rendered":"Sobre nosotros"},"content":{"rendered":"\n<h2 class=\"wp-block-heading\">Experto en cirug\u00eda maxilofacial con el Dr. Dimitrov<\/h2>\n\n<p>La Cirug\u00eda Oral y Maxilofacial es un puente \u00fanico entre la medicina y la odontolog\u00eda. Es un campo especializado que requiere a\u00f1os de <strong>amplia formaci\u00f3n quir\u00fargica y en anestesia hospitalaria<\/strong> m\u00e1s all\u00e1 de la facultad de odontolog\u00eda. <\/p>\n\n<p>En <strong>Love Your Jaws Surgery Center<\/strong>, no solo tratamos los dientes, sino las complejas estructuras funcionales y est\u00e9ticas de toda la regi\u00f3n facial. Dirigida por <strong><a href=\"https:\/\/www.loveyourjaws.com\/meet-us\/meet-the-doctor-dr-kroum-dimitrov\/\">el Dr. Kroum Dimitrov<\/a><\/strong>, nuestra cl\u00ednica se dedica a proporcionar resultados que cambian vidas a trav\u00e9s de la precisi\u00f3n, la innovaci\u00f3n y un profundo respeto por la comodidad del paciente. <\/p>\n\n<hr class=\"wp-block-separator has-alpha-channel-opacity\"\/>\n\n<h2 class=\"wp-block-heading\"><strong>Un equipo quir\u00fargico de primer nivel<\/strong><\/h2>\n\n<p>En Love Your Jaws, nuestro apartado \u00abSobre nosotros\u00bb trata realmente sobre <em>usted<\/em>. Nuestro personal est\u00e1 meticulosamente capacitado para asistir en <strong>sedaci\u00f3n intravenosa y anestesia general ambulatoria<\/strong> dentro de nuestra moderna cl\u00ednica. <\/p>\n\n<ul class=\"wp-block-list\">\n<li><strong>Especialistas quir\u00fargicos:<\/strong> Nuestros asistentes son especialistas en el campo maxilofacial, aportando a\u00f1os de experiencia a cada procedimiento.<\/li>\n\n\n\n<li><strong>La seguridad es lo primero:<\/strong> Cada miembro del equipo est\u00e1 certificado en RCP y tiene amplios conocimientos en monitorizaci\u00f3n de anestesia y protocolos de emergencia.<\/li>\n\n\n\n<li><strong>Atenci\u00f3n personalizada:<\/strong> Entendemos que la cirug\u00eda puede ser intimidante. Nuestro personal administrativo se dedica a gestionar las p\u00f3lizas de seguro y los historiales m\u00e9dicos para que su experiencia sea lo m\u00e1s fluida posible. <\/li>\n<\/ul>\n\n<hr class=\"wp-block-separator has-alpha-channel-opacity\"\/>\n\n<h2 class=\"wp-block-heading\"><strong>\u00bfPor qu\u00e9 elegir Love Your Jaws?<\/strong><\/h2>\n\n<p>Nos hemos ganado nuestra reputaci\u00f3n como un nombre de confianza en Florida gracias a una combinaci\u00f3n de experiencia probada y tecnolog\u00eda de vanguardia.<\/p>\n\n<ul class=\"wp-block-list\">\n<li><strong>Tecnolog\u00eda 3D avanzada:<\/strong> Utilizamos la <strong>Planificaci\u00f3n Quir\u00fargica Virtual 3D (VSP)<\/strong> para dise\u00f1ar su cirug\u00eda digitalmente antes de comenzar, garantizando una precisi\u00f3n milim\u00e9trica.<\/li>\n\n\n\n<li><strong>Resultados probados:<\/strong> Con m\u00e1s de <strong>700 rese\u00f1as de cinco estrellas en Google<\/strong>, las <a href=\"https:\/\/www.loveyourjaws.com\/es\/opiniones-de-pacientes\/\"><strong>historias de \u00e9xito de nuestros pacientes<\/strong><\/a> hablan por s\u00ed solas.<\/li>\n\n\n\n<li><strong>Enfoque m\u00ednimamente invasivo:<\/strong> Priorizamos t\u00e9cnicas que ofrecen tiempos de recuperaci\u00f3n m\u00e1s r\u00e1pidos y menos molestias postoperatorias.<\/li>\n\n\n\n<li><strong>Ra\u00edces comunitarias:<\/strong> Estamos orgullosos de ser miembros de la comunidad de South Miami. Puede que haya visto nuestra historia destacada en la revista SOMI. <\/li>\n<\/ul>\n","protected":false},"excerpt":{"rendered":"<p>Experto en cirug\u00eda maxilofacial con el Dr. Dimitrov La Cirug\u00eda Oral y Maxilofacial es un puente \u00fanico entre la medicina y la odontolog\u00eda. Es un campo especializado que requiere a\u00f1os de amplia formaci\u00f3n quir\u00fargica y en anestesia hospitalaria m\u00e1s all\u00e1 de la facultad de odontolog\u00eda. En Love Your Jaws Surgery Center, no solo tratamos los dientes, sino las complejas estructuras&hellip;<\/p>\n","protected":false},"author":1,"featured_media":0,"parent":0,"menu_order":0,"comment_status":"closed","ping_status":"closed","template":"","meta":{"_acf_changed":false,"_seopress_robots_primary_cat":"","_seopress_titles_title":"Sobre nosotros - Love Your Jaws","_seopress_titles_desc":"En Love Your Jaws, nuestro centro de cirug\u00eda oral en Miami combina experiencia quir\u00fargica, tecnolog\u00eda moderna y una atenci\u00f3n al paciente compasiva.","_seopress_robots_index":"","footnotes":""},"content-section":[77],"class_list":{"0":"post-1014","1":"page","2":"type-page","3":"status-publish","5":"content-section-about","6":"no-post-thumbnail"},"acf":[],"_links":{"self":[{"href":"https:\/\/www.loveyourjaws.com\/es\/wp-json\/wp\/v2\/pages\/1014","targetHints":{"allow":["GET"]}}],"collection":[{"href":"https:\/\/www.loveyourjaws.com\/es\/wp-json\/wp\/v2\/pages"}],"about":[{"href":"https:\/\/www.loveyourjaws.com\/es\/wp-json\/wp\/v2\/types\/page"}],"author":[{"embeddable":true,"href":"https:\/\/www.loveyourjaws.com\/es\/wp-json\/wp\/v2\/users\/1"}],"replies":[{"embeddable":true,"href":"https:\/\/www.loveyourjaws.com\/es\/wp-json\/wp\/v2\/comments?post=1014"}],"version-history":[{"count":2,"href":"https:\/\/www.loveyourjaws.com\/es\/wp-json\/wp\/v2\/pages\/1014\/revisions"}],"predecessor-version":[{"id":1532,"href":"https:\/\/www.loveyourjaws.com\/es\/wp-json\/wp\/v2\/pages\/1014\/revisions\/1532"}],"wp:attachment":[{"href":"https:\/\/www.loveyourjaws.com\/es\/wp-json\/wp\/v2\/media?parent=1014"}],"wp:term":[{"taxonomy":"content-section","embeddable":true,"href":"https:\/\/www.loveyourjaws.com\/es\/wp-json\/wp\/v2\/content-section?post=1014"}],"curies":[{"name":"wp","href":"https:\/\/api.w.org\/{rel}","templated":true}]}}