{"id":1051,"date":"2026-02-21T07:27:02","date_gmt":"2026-02-21T07:27:02","guid":{"rendered":"https:\/\/www.loveyourjaws.com\/doctores-remitentes\/"},"modified":"2026-03-23T04:22:30","modified_gmt":"2026-03-23T04:22:30","slug":"doctores-remitentes","status":"publish","type":"page","link":"https:\/\/www.loveyourjaws.com\/es\/doctores-remitentes\/","title":{"rendered":"Doctores remitentes"},"content":{"rendered":"\n<div class=\"wp-block-media-text has-media-on-the-right is-stacked-on-mobile\"><div class=\"wp-block-media-text__content\">\n<p>\u201cConf\u00ede su cuidado a los especialistas en cirug\u00eda maxilar e implantes dentales rob\u00f3ticos \u2122\u201d<\/p>\n\n\n\n<p>Puede remitir pacientes a nuestra consulta completando nuestro formulario de remisi\u00f3n en l\u00ednea seguro. Una vez completado el formulario, aseg\u00farese de pulsar el bot\u00f3n \u201cCompletar y enviar\u201d en la parte inferior para enviarnos su informaci\u00f3n autom\u00e1ticamente. La seguridad y la privacidad de los datos de los pacientes es una de nuestras principales preocupaciones y hemos tomado todas las precauciones para protegerlos.<\/p>\n<\/div><figure class=\"wp-block-media-text__media\"><video controls src=\"https:\/\/www.loveyourjaws.com\/wp-content\/uploads\/2026\/02\/Referring-doctors.mp4\"><\/video><\/figure><\/div>\n\n<div class=\"wp-block-buttons is-layout-flex wp-block-buttons-is-layout-flex\">\n<div class=\"wp-block-button regular-button\"><a class=\"wp-block-button__link wp-element-button\" href=\"https:\/\/forms.wv3.io\/form?formId=f8e422d4-88af-4c52-9eca-331f495467ed&amp;companyId=982e4de6-223d-496f-b590-264cfaeb61d0\">Formulario de remisi\u00f3n en l\u00ednea<\/a><\/div>\n<\/div>\n\n<p>\u00a1Esperamos trabajar con usted!<\/p>\n","protected":false},"excerpt":{"rendered":"<p>\u201cConf\u00ede su cuidado a los especialistas en cirug\u00eda maxilar e implantes dentales rob\u00f3ticos \u2122\u201d Puede remitir pacientes a nuestra consulta completando nuestro formulario de remisi\u00f3n en l\u00ednea seguro. Una vez completado el formulario, aseg\u00farese de pulsar el bot\u00f3n \u201cCompletar y enviar\u201d en la parte inferior para enviarnos su informaci\u00f3n autom\u00e1ticamente. La seguridad y la privacidad de los datos de los&hellip;<\/p>\n","protected":false},"author":1,"featured_media":0,"parent":0,"menu_order":0,"comment_status":"closed","ping_status":"closed","template":"","meta":{"_acf_changed":false,"_seopress_robots_primary_cat":"","_seopress_titles_title":"M\u00e9dicos de Referencia - Love Your Jaws","_seopress_titles_desc":"En el centro de cirug\u00eda oral Love Your Jaws, apoyamos a los m\u00e9dicos de referencia en Miami con una experiencia quir\u00fargica avanzada y una atenci\u00f3n colaborativa.","_seopress_robots_index":"","footnotes":""},"content-section":[74],"class_list":{"0":"post-1051","1":"page","2":"type-page","3":"status-publish","5":"content-section-patient-information","6":"no-post-thumbnail"},"acf":[],"_links":{"self":[{"href":"https:\/\/www.loveyourjaws.com\/es\/wp-json\/wp\/v2\/pages\/1051","targetHints":{"allow":["GET"]}}],"collection":[{"href":"https:\/\/www.loveyourjaws.com\/es\/wp-json\/wp\/v2\/pages"}],"about":[{"href":"https:\/\/www.loveyourjaws.com\/es\/wp-json\/wp\/v2\/types\/page"}],"author":[{"embeddable":true,"href":"https:\/\/www.loveyourjaws.com\/es\/wp-json\/wp\/v2\/users\/1"}],"replies":[{"embeddable":true,"href":"https:\/\/www.loveyourjaws.com\/es\/wp-json\/wp\/v2\/comments?post=1051"}],"version-history":[{"count":1,"href":"https:\/\/www.loveyourjaws.com\/es\/wp-json\/wp\/v2\/pages\/1051\/revisions"}],"predecessor-version":[{"id":1052,"href":"https:\/\/www.loveyourjaws.com\/es\/wp-json\/wp\/v2\/pages\/1051\/revisions\/1052"}],"wp:attachment":[{"href":"https:\/\/www.loveyourjaws.com\/es\/wp-json\/wp\/v2\/media?parent=1051"}],"wp:term":[{"taxonomy":"content-section","embeddable":true,"href":"https:\/\/www.loveyourjaws.com\/es\/wp-json\/wp\/v2\/content-section?post=1051"}],"curies":[{"name":"wp","href":"https:\/\/api.w.org\/{rel}","templated":true}]}}