{"id":1055,"date":"2026-02-18T20:19:47","date_gmt":"2026-02-18T20:19:47","guid":{"rendered":"https:\/\/www.loveyourjaws.com\/cirugia-oral-de-urgencia\/"},"modified":"2026-04-30T13:57:24","modified_gmt":"2026-04-30T13:57:24","slug":"cirugia-oral-de-urgencia","status":"publish","type":"page","link":"https:\/\/www.loveyourjaws.com\/es\/cirugia-oral-de-urgencia\/","title":{"rendered":"Cirug\u00eda oral de urgencia"},"content":{"rendered":"\n<p>En Love Your Jaws, entendemos que las urgencias dentales pueden surgir en cualquier momento. Nuestros cirujanos orales cualificados est\u00e1n disponibles para proporcionar una atenci\u00f3n inmediata y compasiva para problemas de salud oral urgentes, garantizando que reciba el alivio y el tratamiento que necesita cuando m\u00e1s lo precise.<\/p>\n\n<h3 class=\"wp-block-heading\">Procedimientos de urgencia habituales<\/h3>\n\n<ul class=\"wp-block-list\">\n<li>Extracci\u00f3n de dientes gravemente da\u00f1ados o infectados<\/li>\n\n\n\n<li>Tratamiento de abscesos o infecciones graves<\/li>\n\n\n\n<li>Tratamiento de traumatismos faciales que afecten a la mand\u00edbula o a los dientes<\/li>\n\n\n\n<li>Reparaci\u00f3n de lesiones en los tejidos blandos de la boca<\/li>\n\n\n\n<li>Extracci\u00f3n de urgencia de las muelas del juicio<\/li>\n<\/ul>\n\n<h3 class=\"wp-block-heading\">\u00bfPor qu\u00e9 elegirnos?<\/h3>\n\n<ul class=\"wp-block-list\">\n<li>Disponibilidad 24\/7 para consultas de urgencia<\/li>\n\n\n\n<li>Instalaciones quir\u00fargicas de vanguardia<\/li>\n\n\n\n<li>Cirujanos orales experimentados centrados en la comodidad del paciente<\/li>\n\n\n\n<li>Instrucciones detalladas para el cuidado posoperatorio<\/li>\n\n\n\n<li>Coordinaci\u00f3n con su dentista habitual para el seguimiento<\/li>\n<\/ul>\n\n<p><strong>Si tiene una urgencia dental, no espere. P\u00f3ngase en contacto con nosotros de inmediato para recibir atenci\u00f3n experta<\/strong>.<\/p>\n\n<h2 class=\"wp-block-heading\">\u00a1Llame al <a href=\"tel:3056615297\"><strong>305-661-5297<\/strong><\/a> para solicitar una cita para el mismo d\u00eda!<\/h2>\n\n<p><\/p>\n","protected":false},"excerpt":{"rendered":"<p>En Love Your Jaws, entendemos que las urgencias dentales pueden surgir en cualquier momento. Nuestros cirujanos orales cualificados est\u00e1n disponibles para proporcionar una atenci\u00f3n inmediata y compasiva para problemas de salud oral urgentes, garantizando que reciba el alivio y el tratamiento que necesita cuando m\u00e1s lo precise. Procedimientos de urgencia habituales \u00bfPor qu\u00e9 elegirnos? Si tiene una urgencia dental, no&hellip;<\/p>\n","protected":false},"author":1,"featured_media":0,"parent":0,"menu_order":0,"comment_status":"closed","ping_status":"closed","template":"","meta":{"_acf_changed":false,"_seopress_robots_primary_cat":"","_seopress_titles_title":"Cirug\u00eda oral de urgencia - Miami - Love Your Jaws","_seopress_titles_desc":"Ayudamos a los pacientes de Miami a recibir tratamiento de cirug\u00eda oral de urgencia cuando las lesiones, infecciones o problemas dentales repentinos requieren una atenci\u00f3n r\u00e1pida.","_seopress_robots_index":"","footnotes":""},"content-section":[78,74],"class_list":{"0":"post-1055","1":"page","2":"type-page","3":"status-publish","5":"content-section-other-services","6":"content-section-patient-information","7":"no-post-thumbnail"},"acf":[],"_links":{"self":[{"href":"https:\/\/www.loveyourjaws.com\/es\/wp-json\/wp\/v2\/pages\/1055","targetHints":{"allow":["GET"]}}],"collection":[{"href":"https:\/\/www.loveyourjaws.com\/es\/wp-json\/wp\/v2\/pages"}],"about":[{"href":"https:\/\/www.loveyourjaws.com\/es\/wp-json\/wp\/v2\/types\/page"}],"author":[{"embeddable":true,"href":"https:\/\/www.loveyourjaws.com\/es\/wp-json\/wp\/v2\/users\/1"}],"replies":[{"embeddable":true,"href":"https:\/\/www.loveyourjaws.com\/es\/wp-json\/wp\/v2\/comments?post=1055"}],"version-history":[{"count":2,"href":"https:\/\/www.loveyourjaws.com\/es\/wp-json\/wp\/v2\/pages\/1055\/revisions"}],"predecessor-version":[{"id":1496,"href":"https:\/\/www.loveyourjaws.com\/es\/wp-json\/wp\/v2\/pages\/1055\/revisions\/1496"}],"wp:attachment":[{"href":"https:\/\/www.loveyourjaws.com\/es\/wp-json\/wp\/v2\/media?parent=1055"}],"wp:term":[{"taxonomy":"content-section","embeddable":true,"href":"https:\/\/www.loveyourjaws.com\/es\/wp-json\/wp\/v2\/content-section?post=1055"}],"curies":[{"name":"wp","href":"https:\/\/api.w.org\/{rel}","templated":true}]}}