{"id":1057,"date":"2026-02-19T16:11:38","date_gmt":"2026-02-19T16:11:38","guid":{"rendered":"https:\/\/www.loveyourjaws.com\/solicitar-una-cita\/"},"modified":"2026-03-23T04:22:33","modified_gmt":"2026-03-23T04:22:33","slug":"solicitar-una-cita","status":"publish","type":"page","link":"https:\/\/www.loveyourjaws.com\/es\/solicitar-una-cita\/","title":{"rendered":"Solicitar una cita"},"content":{"rendered":"\n<p><strong>Horario de atenci\u00f3n<\/strong><\/p>\n\n<p>De lunes a jueves: 8:00 &#8211; 17:00<\/p>\n\n<p>Viernes: 7:00 &#8211; 13:00<br\/>Si tiene dolor o una emergencia, haremos todo lo posible para atenderle ese mismo d\u00eda.<\/p>\n\n<p>Intentamos cumplir con el horario para minimizar su tiempo de espera. Sin embargo, debido a los diversos tipos de servicios de cirug\u00eda oral, varias circunstancias pueden prolongar el tiempo asignado para el procedimiento. Tambi\u00e9n pueden surgir emergencias que causen retrasos. Agradecemos su comprensi\u00f3n y paciencia.<\/p>\n\n<h3 class=\"wp-block-heading\">Ll\u00e1menos al <a href=\"tel:13056615297\"><\/a><a href=\"tel:13056615297\">(305) 661-5297<\/a> si tiene alguna pregunta o para programar una cita.<\/h3>\n\n<div class=\"wp-block-buttons is-layout-flex wp-block-buttons-is-layout-flex\">\n<div class=\"wp-block-button regular-button\"><a class=\"wp-block-button__link wp-element-button\" href=\"https:\/\/forms.wv3.io\/form?formId=0b89b578-1324-4d39-a235-85b5bd6c893f&amp;companyId=982e4de6-223d-496f-b590-264cfaeb61d0\">Solicitar una cita<\/a><\/div>\n<\/div>\n\n<h3 class=\"wp-block-heading\">Cont\u00e1ctenos hoy<\/h3>\n\n<p>El primer paso hacia una sonrisa hermosa y saludable es programar una cita. P\u00f3ngase en contacto con nuestra consulta por tel\u00e9fono o rellene el formulario de solicitud de cita que aparece a continuaci\u00f3n. Nuestro coordinador de citas se pondr\u00e1 en contacto con usted para confirmar su cita. Si es un paciente existente, este formulario de contacto no debe utilizarse para comunicar informaci\u00f3n personal de salud.<\/p>\n\n<p><a href=\"https:\/\/www.loveyourjaws.com\/es\/politica-de-privacidad\/\"><strong>Pol\u00edtica de privacidad<\/strong><\/a><\/p>\n","protected":false},"excerpt":{"rendered":"<p>Horario de atenci\u00f3n De lunes a jueves: 8:00 &#8211; 17:00 Viernes: 7:00 &#8211; 13:00Si tiene dolor o una emergencia, haremos todo lo posible para atenderle ese mismo d\u00eda. Intentamos cumplir con el horario para minimizar su tiempo de espera. Sin embargo, debido a los diversos tipos de servicios de cirug\u00eda oral, varias circunstancias pueden prolongar el tiempo asignado para el&hellip;<\/p>\n","protected":false},"author":1,"featured_media":0,"parent":0,"menu_order":0,"comment_status":"closed","ping_status":"closed","template":"","meta":{"_acf_changed":false,"_seopress_robots_primary_cat":"","_seopress_titles_title":"Solicite una cita - Love Your Jaws","_seopress_titles_desc":"Programe hoy su consulta de cirug\u00eda oral y solicite una cita con nuestro equipo quir\u00fargico de confianza que atiende a pacientes de Miami.","_seopress_robots_index":"","footnotes":""},"content-section":[74],"class_list":{"0":"post-1057","1":"page","2":"type-page","3":"status-publish","5":"content-section-patient-information","6":"no-post-thumbnail"},"acf":[],"_links":{"self":[{"href":"https:\/\/www.loveyourjaws.com\/es\/wp-json\/wp\/v2\/pages\/1057","targetHints":{"allow":["GET"]}}],"collection":[{"href":"https:\/\/www.loveyourjaws.com\/es\/wp-json\/wp\/v2\/pages"}],"about":[{"href":"https:\/\/www.loveyourjaws.com\/es\/wp-json\/wp\/v2\/types\/page"}],"author":[{"embeddable":true,"href":"https:\/\/www.loveyourjaws.com\/es\/wp-json\/wp\/v2\/users\/1"}],"replies":[{"embeddable":true,"href":"https:\/\/www.loveyourjaws.com\/es\/wp-json\/wp\/v2\/comments?post=1057"}],"version-history":[{"count":2,"href":"https:\/\/www.loveyourjaws.com\/es\/wp-json\/wp\/v2\/pages\/1057\/revisions"}],"predecessor-version":[{"id":1179,"href":"https:\/\/www.loveyourjaws.com\/es\/wp-json\/wp\/v2\/pages\/1057\/revisions\/1179"}],"wp:attachment":[{"href":"https:\/\/www.loveyourjaws.com\/es\/wp-json\/wp\/v2\/media?parent=1057"}],"wp:term":[{"taxonomy":"content-section","embeddable":true,"href":"https:\/\/www.loveyourjaws.com\/es\/wp-json\/wp\/v2\/content-section?post=1057"}],"curies":[{"name":"wp","href":"https:\/\/api.w.org\/{rel}","templated":true}]}}