{"id":1065,"date":"2026-01-18T12:15:01","date_gmt":"2026-01-18T12:15:01","guid":{"rendered":"https:\/\/www.loveyourjaws.com\/otros-servicios\/"},"modified":"2026-04-30T13:57:40","modified_gmt":"2026-04-30T13:57:40","slug":"otros-servicios","status":"publish","type":"page","link":"https:\/\/www.loveyourjaws.com\/es\/otros-servicios\/","title":{"rendered":"Otros servicios"},"content":{"rendered":"\n<h2 class=\"wp-block-heading\"><strong>La base de una sonrisa duradera<\/strong><\/h2>\n\n<p>Muchos pacientes acuden a nosotros necesitando implantes dentales o trabajos de restauraci\u00f3n, solo para descubrir que a\u00f1os de dientes perdidos o traumatismos les han dejado sin suficiente hueso o tejido para garantizar un resultado exitoso.<\/p>\n\n<p>Como <strong>cirujano oral y maxilofacial certificado por la junta<\/strong>, el Dr. Kroum Dimitrov se especializa en la \u00abcirug\u00eda de cimentaci\u00f3n\u00bb. Al utilizar la <strong>planificaci\u00f3n quir\u00fargica virtual en 3D<\/strong> y t\u00e9cnicas de \u00e9lite de grado hospitalario, podemos reconstruir literalmente la estructura de su boca para asegurar que su trabajo dental dure toda la vida. <\/p>\n\n<hr class=\"wp-block-separator has-alpha-channel-opacity\"\/>\n\n<h2 class=\"wp-block-heading\"><strong>Servicios de reconstrucci\u00f3n y \u00f3seos<\/strong><\/h2>\n\n<ul class=\"wp-block-list\">\n<li><strong><a href=\"https:\/\/www.loveyourjaws.com\/es\/other-services\/injerto-oseo\/\">Injerto \u00f3seo<\/a>:<\/strong> Esta es la piedra angular de la cirug\u00eda reconstructiva. Si su hueso maxilar se ha \u00abreabsorbido\u00bb o encogido, utilizamos materiales de injerto avanzados para restaurar su volumen, creando un anclaje s\u00f3lido para los implantes dentales. <\/li>\n\n\n\n<li><strong><a href=\"https:\/\/www.loveyourjaws.com\/es\/other-services\/preservacion-del-alveolo\/\">Preservaci\u00f3n del alv\u00e9olo:<\/a><\/strong> El tiempo lo es todo. Cuando se extrae un diente, el hueso circundante comienza a desaparecer inmediatamente. Colocamos un peque\u00f1o injerto \u00f3seo en el alv\u00e9olo vac\u00edo en el momento de la extracci\u00f3n para \u00abcongelar\u00bb el nivel \u00f3seo y evitar el colapso.  <\/li>\n\n\n\n<li><strong><a href=\"https:\/\/www.loveyourjaws.com\/es\/other-services\/elevacion-de-seno\/\">Elevaci\u00f3n de seno (aumento de seno):<\/a><\/strong> La parte superior de la mand\u00edbula posterior a menudo tiene un hueso muy delgado cerca de las cavidades sinusales. Cuidadosamente \u00abelevamos\u00bb el suelo del seno y a\u00f1adimos hueso, proporcionando la altura necesaria para los implantes en la regi\u00f3n molar. <\/li>\n\n\n\n<li><strong><a href=\"https:\/\/www.loveyourjaws.com\/es\/other-services\/aumento-de-cresta-alveolar\/\">Aumento de cresta:<\/a><\/strong> Si la \u00abcresta\u00bb de la mand\u00edbula es demasiado estrecha o demasiado corta, realizamos un aumento para restaurar su contorno natural. Esto asegura que su trabajo dental final tenga un aspecto natural y sea f\u00e1cil de limpiar. <\/li>\n\n\n\n<li><strong><a href=\"https:\/\/www.loveyourjaws.com\/es\/other-services\/reposicionamiento-del-nervio\/\">Reposicionamiento nervioso:<\/a><\/strong> En casos raros y complejos en los que el nervio de la mand\u00edbula inferior (nervio alveolar inferior) interfiere con un implante, el Dr. Dimitrov puede mover quir\u00fargicamente el nervio a una posici\u00f3n m\u00e1s segura. Este es un procedimiento altamente especializado que requiere la precisi\u00f3n de un experto maxilofacial. <\/li>\n<\/ul>\n\n<hr class=\"wp-block-separator has-alpha-channel-opacity\"\/>\n\n<h2 class=\"wp-block-heading\"><strong>Preparaci\u00f3n y comodidad del paciente<\/strong><\/h2>\n\n<figure class=\"wp-block-table\"><table class=\"has-fixed-layout\"><thead><tr><td><strong>Servicio<\/strong><\/td><td><strong>Objetivo principal<\/strong><\/td><td><strong>Qu\u00e9 esperar<\/strong><\/td><\/tr><\/thead><tbody><tr><td><strong><a href=\"https:\/\/www.loveyourjaws.com\/es\/other-services\/anestesia\/\">Anestesia<\/a><\/strong><\/td><td>Comodidad total del paciente.<\/td><td>Las opciones van desde la anestesia local hasta la <strong><a href=\"https:\/\/www.loveyourjaws.com\/es\/other-services\/sedacion-intravenosa-iv\/\">sedaci\u00f3n intravenosa<\/a><\/strong> y la <strong>anestesia general<\/strong> en nuestra suite de \u00faltima generaci\u00f3n.<\/td><\/tr><tr><td><strong><a href=\"https:\/\/www.loveyourjaws.com\/es\/other-services\/cirugia-preprotesica\/\">Cirug\u00eda Preprot\u00e9sica<\/a><\/strong><\/td><td>Preparaci\u00f3n para pr\u00f3tesis dentales.<\/td><td>Alisar el hueso (alveoloplastia) o eliminar el exceso de tejido para que sus pr\u00f3tesis dentales o puente \u00abAll-on-4\u00bb encajen perfectamente.<\/td><\/tr><\/tbody><\/table><\/figure>\n\n<hr class=\"wp-block-separator has-alpha-channel-opacity\"\/>\n\n<h2 class=\"wp-block-heading\"><strong>\u00bfPor qu\u00e9 elegir a los especialistas de Love Your Jaws?<\/strong><\/h2>\n\n<p>Estos \u00abotros servicios\u00bb son a menudo las partes m\u00e1s exigentes t\u00e9cnicamente de un plan de tratamiento. Debido a que el <strong>Dr. Dimitrov<\/strong> obtuvo su formaci\u00f3n quir\u00fargica en la <strong>Universidad de Miami\/Jackson Memorial Hospital<\/strong> bajo la tutela de expertos de renombre mundial en biolog\u00eda \u00f3sea, aporta un nivel de precisi\u00f3n cient\u00edfica a la reconstrucci\u00f3n que va m\u00e1s all\u00e1 de la atenci\u00f3n dental est\u00e1ndar. <\/p>\n\n<ul class=\"wp-block-list\">\n<li><strong>Precisi\u00f3n 3D:<\/strong> Cada injerto y movimiento nervioso se planifica digitalmente antes de su cirug\u00eda.<\/li>\n\n\n\n<li><strong>La seguridad es lo primero:<\/strong> Nuestro personal quir\u00fargico est\u00e1 capacitado en soporte vital avanzado y monitorizaci\u00f3n continua de la anestesia.<\/li>\n\n\n\n<li><strong>Resultados probados:<\/strong> Con <strong>m\u00e1s de 730 rese\u00f1as de cinco estrellas<\/strong>, nuestros pacientes conf\u00edan en nosotros para manejar el complejo trabajo \u00abentre bastidores\u00bb que hace posible sus sonrisas.<\/li>\n<\/ul>\n\n<blockquote class=\"wp-block-quote is-layout-flow wp-block-quote-is-layout-flow\">\n<p><strong>No construya sobre una base d\u00e9bil.<\/strong><\/p>\n\n\n\n<p>Ya sea que necesite una simple preservaci\u00f3n del alv\u00e9olo o una compleja elevaci\u00f3n de seno, la calidad del trabajo \u00aboculto\u00bb determina el \u00e9xito de su sonrisa. <a href=\"https:\/\/www.loveyourjaws.com\/es\/contacto\/\"><strong>Programe una consulta hoy mismo<\/strong>.<\/a><\/p>\n<\/blockquote>\n","protected":false},"excerpt":{"rendered":"<p>La base de una sonrisa duradera Muchos pacientes acuden a nosotros necesitando implantes dentales o trabajos de restauraci\u00f3n, solo para descubrir que a\u00f1os de dientes perdidos o traumatismos les han dejado sin suficiente hueso o tejido para garantizar un resultado exitoso. Como cirujano oral y maxilofacial certificado por la junta, el Dr. Kroum Dimitrov se especializa en la \u00abcirug\u00eda de&hellip;<\/p>\n","protected":false},"author":1,"featured_media":0,"parent":0,"menu_order":0,"comment_status":"closed","ping_status":"closed","template":"","meta":{"_acf_changed":false,"_seopress_robots_primary_cat":"","_seopress_titles_title":"Otros servicios - Miami - Love Your Jaws","_seopress_titles_desc":"Descubra una gama de servicios dentales y quir\u00fargicos especializados disponibles en Miami para favorecer la salud bucodental a largo plazo y unas sonrisas seguras.","_seopress_robots_index":"","footnotes":""},"content-section":[78],"class_list":{"0":"post-1065","1":"page","2":"type-page","3":"status-publish","5":"content-section-other-services","6":"no-post-thumbnail"},"acf":[],"_links":{"self":[{"href":"https:\/\/www.loveyourjaws.com\/es\/wp-json\/wp\/v2\/pages\/1065","targetHints":{"allow":["GET"]}}],"collection":[{"href":"https:\/\/www.loveyourjaws.com\/es\/wp-json\/wp\/v2\/pages"}],"about":[{"href":"https:\/\/www.loveyourjaws.com\/es\/wp-json\/wp\/v2\/types\/page"}],"author":[{"embeddable":true,"href":"https:\/\/www.loveyourjaws.com\/es\/wp-json\/wp\/v2\/users\/1"}],"replies":[{"embeddable":true,"href":"https:\/\/www.loveyourjaws.com\/es\/wp-json\/wp\/v2\/comments?post=1065"}],"version-history":[{"count":3,"href":"https:\/\/www.loveyourjaws.com\/es\/wp-json\/wp\/v2\/pages\/1065\/revisions"}],"predecessor-version":[{"id":1497,"href":"https:\/\/www.loveyourjaws.com\/es\/wp-json\/wp\/v2\/pages\/1065\/revisions\/1497"}],"wp:attachment":[{"href":"https:\/\/www.loveyourjaws.com\/es\/wp-json\/wp\/v2\/media?parent=1065"}],"wp:term":[{"taxonomy":"content-section","embeddable":true,"href":"https:\/\/www.loveyourjaws.com\/es\/wp-json\/wp\/v2\/content-section?post=1065"}],"curies":[{"name":"wp","href":"https:\/\/api.w.org\/{rel}","templated":true}]}}