{"id":1071,"date":"2026-01-27T10:44:24","date_gmt":"2026-01-27T10:44:24","guid":{"rendered":"https:\/\/www.loveyourjaws.com\/educacion-para-la-salud\/"},"modified":"2026-03-18T16:47:47","modified_gmt":"2026-03-18T16:47:47","slug":"educacion-para-la-salud","status":"publish","type":"page","link":"https:\/\/www.loveyourjaws.com\/es\/educacion-para-la-salud\/","title":{"rendered":"Educaci\u00f3n para la salud"},"content":{"rendered":"<div id=\"cs-content\" class=\"cs-content\"><div class=\"x-section e1071-e1 mtr-0 mtr-1\"><div class=\"x-bg\" aria-hidden=\"true\"><div class=\"x-bg-layer-lower-image\"><\/div><div class=\"x-bg-layer-upper-color\"><\/div><\/div><div class=\"x-text x-text-headline e1071-e2 mtr-6\"><div class=\"x-text-content\"><div class=\"x-text-content-text\"><h1 class=\"x-text-content-text-primary\">Educaci\u00f3n para la salud<\/h1>\n<\/div><\/div><\/div><div class=\"x-div e1071-e3 mtr-7 mtr-8 mtr-9 mtr-a mtr-b mtr-c mtr-d mtr-e mtr-f mtr-g\"><span class=\"x-image e1071-e4 mtr-t mtr-u\"><img decoding=\"async\" src=\"https:\/\/www.loveyourjaws.com\/wp-content\/uploads\/2025\/12\/google-logo.webp\" width=\"130\" height=\"54\" alt=\"Image\" loading=\"lazy\"><\/span><div class=\"x-div e1071-e5 mtr-7 mtr-9 mtr-a mtr-b mtr-c mtr-d mtr-f mtr-g mtr-h mtr-i mtr-j\"><div class=\"x-div e1071-e6 mtr-c mtr-d mtr-e mtr-f mtr-g\"><i class=\"x-icon e1071-e7 mtr-w\" aria-hidden=\"true\" data-x-icon-s=\"&#xf005;\"><\/i><i class=\"x-icon e1071-e8 mtr-w\" aria-hidden=\"true\" data-x-icon-s=\"&#xf005;\"><\/i><i class=\"x-icon e1071-e9 mtr-w\" aria-hidden=\"true\" data-x-icon-s=\"&#xf005;\"><\/i><i class=\"x-icon e1071-e10 mtr-w\" aria-hidden=\"true\" data-x-icon-s=\"&#xf005;\"><\/i><i class=\"x-icon e1071-e11 mtr-w\" aria-hidden=\"true\" data-x-icon-s=\"&#xf005;\"><\/i><\/div><div class=\"x-text x-content e1071-e12 mtr-x\"><span class=\"stars\" itemprop=\"ratingValue\" content=\"5\">5<\/span><span> de <\/span><span itemprop=\"bestRating\" content=\"5\">5<\/span><span> estrellas seg\u00fan <\/span><span itemprop=\"ratingCount\" content=\"643\">m\u00e1s de 700<\/span><span> rese\u00f1as<\/span><\/div><\/div><\/div><div class=\"x-div e1071-e13 mtr-c mtr-d mtr-f mtr-g mtr-k mtr-l\"><div class=\"x-div e1071-e14 mtr-7 mtr-a mtr-c mtr-d mtr-f mtr-g mtr-h mtr-i mtr-m mtr-n\"><a class=\"x-anchor x-anchor-button e1071-e15 mtr-y mtr-z mtr-10 mtr-11 mtr-12 mtr-3 mtr-4\" tabindex=\"0\" href=\"https:\/\/mysecurepractice.com\/Truform\/946ed6e7-763e-4c53-8cf2-06820e22049a\/Submission\/Create\" data-x-effect=\"{&quot;durationBase&quot;:&quot;300ms&quot;}\"><div class=\"x-anchor-content\"><div class=\"x-anchor-text\"><span class=\"x-anchor-text-primary\">Registro de pacientes<\/span><\/div><\/div><\/a><a class=\"x-anchor x-anchor-button e1071-e16 mtr-y mtr-z mtr-11 mtr-12 mtr-13 mtr-3 mtr-4\" tabindex=\"0\" href=\"https:\/\/www.loveyourjaws.com\/request-an-appointment\/\" data-x-effect=\"{&quot;durationBase&quot;:&quot;300ms&quot;}\"><div class=\"x-anchor-content\"><div class=\"x-anchor-text\"><span class=\"x-anchor-text-primary\">Solicite una cita<\/span><\/div><\/div><\/a><\/div><\/div><\/div><div class=\"x-section e1071-e17 mtr-0 mtr-2\"><div class=\"x-div e1071-e18 mtr-7 mtr-9 mtr-d mtr-e mtr-f mtr-g mtr-h mtr-o\"><div class=\"x-div e1071-e19 mtr-c mtr-d mtr-f mtr-l mtr-n mtr-p mtr-q\" id=\"side-menu\"><div class=\"x-grid e1071-e20 mtr-1a mtr-1b\"><div class=\"x-cell e1071-e21 mtr-1d\"><a class=\"x-anchor x-anchor-button has-graphic e1071-e22 mtr-y mtr-11 mtr-14 mtr-15 mtr-16 mtr-3 mtr-5\" tabindex=\"0\" href=\"https:\/\/www.loveyourjaws.com\/es\/category\/sin-categorizar\/\" data-x-effect=\"{&quot;durationBase&quot;:&quot;0.3s&quot;}\"><div class=\"x-anchor-content\"><span class=\"x-graphic\" aria-hidden=\"true\"><i class=\"x-icon x-graphic-child x-graphic-icon x-graphic-primary\" aria-hidden=\"true\" data-x-icon-o=\"&#xf178;\"><\/i><\/span><div class=\"x-anchor-text\"><span class=\"x-anchor-text-primary\">Sin categorizar<\/span><\/div><\/div><\/a><\/div><\/div><\/div><div class=\"x-div e1071-e23 mtr-c mtr-d mtr-e mtr-f mtr-q mtr-r\"><div class=\"x-grid e1071-e24 mtr-1b mtr-1c\"><\/div><\/div><\/div><\/div><\/div>","protected":false},"excerpt":{"rendered":"<p>Educaci\u00f3n para la salud 5 de 5 estrellas seg\u00fan m\u00e1s de 700 rese\u00f1asRegistro de pacientesSolicite una citaSin categorizar<\/p>\n","protected":false},"author":1,"featured_media":0,"parent":0,"menu_order":0,"comment_status":"closed","ping_status":"closed","template":"template-blank-4.php","meta":{"_acf_changed":false,"_seopress_robots_primary_cat":"","_seopress_titles_title":"","_seopress_titles_desc":"","_seopress_robots_index":"","footnotes":""},"content-section":[],"class_list":{"0":"post-1071","1":"page","2":"type-page","3":"status-publish","5":"no-post-thumbnail"},"acf":[],"_links":{"self":[{"href":"https:\/\/www.loveyourjaws.com\/es\/wp-json\/wp\/v2\/pages\/1071","targetHints":{"allow":["GET"]}}],"collection":[{"href":"https:\/\/www.loveyourjaws.com\/es\/wp-json\/wp\/v2\/pages"}],"about":[{"href":"https:\/\/www.loveyourjaws.com\/es\/wp-json\/wp\/v2\/types\/page"}],"author":[{"embeddable":true,"href":"https:\/\/www.loveyourjaws.com\/es\/wp-json\/wp\/v2\/users\/1"}],"replies":[{"embeddable":true,"href":"https:\/\/www.loveyourjaws.com\/es\/wp-json\/wp\/v2\/comments?post=1071"}],"version-history":[{"count":5,"href":"https:\/\/www.loveyourjaws.com\/es\/wp-json\/wp\/v2\/pages\/1071\/revisions"}],"predecessor-version":[{"id":1159,"href":"https:\/\/www.loveyourjaws.com\/es\/wp-json\/wp\/v2\/pages\/1071\/revisions\/1159"}],"wp:attachment":[{"href":"https:\/\/www.loveyourjaws.com\/es\/wp-json\/wp\/v2\/media?parent=1071"}],"wp:term":[{"taxonomy":"content-section","embeddable":true,"href":"https:\/\/www.loveyourjaws.com\/es\/wp-json\/wp\/v2\/content-section?post=1071"}],"curies":[{"name":"wp","href":"https:\/\/api.w.org\/{rel}","templated":true}]}}