{"id":1076,"date":"2026-01-03T08:48:43","date_gmt":"2026-01-03T08:48:43","guid":{"rendered":"https:\/\/www.loveyourjaws.com\/contacto\/"},"modified":"2026-03-23T04:23:00","modified_gmt":"2026-03-23T04:23:00","slug":"contacto","status":"publish","type":"page","link":"https:\/\/www.loveyourjaws.com\/es\/contacto\/","title":{"rendered":"Contacto"},"content":{"rendered":"\n<p>Existen muchas formas de comunicarse con nuestra consulta. Por favor, elija el m\u00e9todo que le resulte m\u00e1s conveniente.<\/p>\n\n<h2 class=\"wp-block-heading\">Direcci\u00f3n postal<\/h2>\n\n<h3 class=\"wp-block-heading\">Love Your Jaws Surgery Center\/ La primera soluci\u00f3n de implantes dentales rob\u00f3ticos de Miami<\/h3>\n\n<p>7600 S. W. 57th Avenue , Suite 101<br\/>South Miami, FL 33143<\/p>\n\n<p><strong>Horario de atenci\u00f3n<\/strong><\/p>\n\n<p>De lunes a jueves: 8:00 AM &#8211; 5:00 PM<\/p>\n\n<p>Viernes: 7:00 AM &#8211; 1:00 PM<\/p>\n\n<h2 class=\"wp-block-heading\">Tel\u00e9fono<\/h2>\n\n<p><strong>Tel\u00e9fono:<\/strong> <a href=\"tel:13056615297\" alt=\"N&#xFA;mero de tel&#xE9;fono de Love Your Jaws Surgery Center \/ Primera soluci&#xF3;n de implantes dentales rob&#xF3;ticos de Miami\">305-661-5297<\/a><br\/><strong>Fax:<\/strong> 305-667-3503<\/p>\n\n<div class=\"wp-block-buttons regular-button is-layout-flex wp-block-buttons-is-layout-flex\">\n<div class=\"wp-block-button\"><a class=\"wp-block-button__link wp-element-button\" href=\"https:\/\/www.loveyourjaws.com\/es\/solicitar-una-cita\/\">Solicitar una cita<\/a><\/div>\n<\/div>\n\n<h2 class=\"wp-block-heading\">Mapa en l\u00ednea e indicaciones para llegar<\/h2>\n\n<p>Si esta es la primera vez que visita nuestra consulta en South Miami, el servicio de mapas que aparece a continuaci\u00f3n le ayudar\u00e1 a encontrar nuestra ubicaci\u00f3n. Simplemente rellene el formulario que aparece a continuaci\u00f3n y se le mostrar\u00e1n las indicaciones que incluyen un mapa, el tiempo de viaje y la distancia. Si necesita informaci\u00f3n adicional, cont\u00e1ctenos en  <a href=\"tel:13056615297\"><\/a><a alt=\"N&#xFA;mero de tel&#xE9;fono de Love Your Jaws Surgery Center \/ Primera soluci&#xF3;n de implantes dentales rob&#xF3;ticos de Miami\" href=\"tel:13056615297\">305-661-5297<\/a>.  <\/p>\n\n<div class=\"wp-block-columns has-background is-layout-flex wp-container-core-columns-is-layout-9d6595d7 wp-block-columns-is-layout-flex\" style=\"background-color:#a0cecc\">\n<div class=\"wp-block-column is-vertically-aligned-center is-layout-flow wp-block-column-is-layout-flow\">\n<iframe loading=\"lazy\" width=\"100%\" height=\"600px\" frameborder=\"0\" title=\"Mapa de Google para la consulta n.\u00ba 1\" src=\"https:\/\/www.google.com\/maps\/embed\/v1\/place?q=place_id%3AChIJJas5yOXH2YgRq4pmXv5K1ZM&#038;zoom=15&#038;key=AIzaSyAKYnKVWzUE2p0RVR3F8TdF5f_Y9zF9V0Q\"><\/iframe>\n\n\n\n<div class=\"directions-box\">\n  <h3>Introduzca su direcci\u00f3n de partida:<\/h3>\n\n  <input type=\"text\" id=\"userAddress\" placeholder=\"C\u00f3digo postal o direcci\u00f3n completa\" aria-label=\"Starting address\"\/>\n\n  <button id=\"getDirections\">\n  OBTENER INDICACIONES\n  <\/button>\n<\/div>\n<\/div>\n<\/div>\n\n<p><\/p>\n","protected":false},"excerpt":{"rendered":"<p>Existen muchas formas de comunicarse con nuestra consulta. Por favor, elija el m\u00e9todo que le resulte m\u00e1s conveniente. Direcci\u00f3n postal Love Your Jaws Surgery Center\/ La primera soluci\u00f3n de implantes dentales rob\u00f3ticos de Miami 7600 S. W. 57th Avenue , Suite 101South Miami, FL 33143 Horario de atenci\u00f3n De lunes a jueves: 8:00 AM &#8211; 5:00 PM Viernes: 7:00 AM&hellip;<\/p>\n","protected":false},"author":1,"featured_media":0,"parent":0,"menu_order":0,"comment_status":"closed","ping_status":"closed","template":"","meta":{"_acf_changed":false,"_seopress_robots_primary_cat":"","_seopress_titles_title":"Contacto - Love Your Jaws","_seopress_titles_desc":"Con\u00e9ctese con nuestro experimentado equipo quir\u00fargico y cont\u00e1ctenos para obtener m\u00e1s informaci\u00f3n sobre la atenci\u00f3n en cirug\u00eda oral disponible en Miami.","_seopress_robots_index":"","footnotes":""},"content-section":[77],"class_list":{"0":"post-1076","1":"page","2":"type-page","3":"status-publish","5":"content-section-about","6":"no-post-thumbnail"},"acf":[],"_links":{"self":[{"href":"https:\/\/www.loveyourjaws.com\/es\/wp-json\/wp\/v2\/pages\/1076","targetHints":{"allow":["GET"]}}],"collection":[{"href":"https:\/\/www.loveyourjaws.com\/es\/wp-json\/wp\/v2\/pages"}],"about":[{"href":"https:\/\/www.loveyourjaws.com\/es\/wp-json\/wp\/v2\/types\/page"}],"author":[{"embeddable":true,"href":"https:\/\/www.loveyourjaws.com\/es\/wp-json\/wp\/v2\/users\/1"}],"replies":[{"embeddable":true,"href":"https:\/\/www.loveyourjaws.com\/es\/wp-json\/wp\/v2\/comments?post=1076"}],"version-history":[{"count":2,"href":"https:\/\/www.loveyourjaws.com\/es\/wp-json\/wp\/v2\/pages\/1076\/revisions"}],"predecessor-version":[{"id":1182,"href":"https:\/\/www.loveyourjaws.com\/es\/wp-json\/wp\/v2\/pages\/1076\/revisions\/1182"}],"wp:attachment":[{"href":"https:\/\/www.loveyourjaws.com\/es\/wp-json\/wp\/v2\/media?parent=1076"}],"wp:term":[{"taxonomy":"content-section","embeddable":true,"href":"https:\/\/www.loveyourjaws.com\/es\/wp-json\/wp\/v2\/content-section?post=1076"}],"curies":[{"name":"wp","href":"https:\/\/api.w.org\/{rel}","templated":true}]}}