{"id":1078,"date":"2026-02-17T20:05:50","date_gmt":"2026-02-17T20:05:50","guid":{"rendered":"https:\/\/www.loveyourjaws.com\/por-que-elegir-nuestro-centro-quirurgico\/"},"modified":"2026-03-23T04:22:52","modified_gmt":"2026-03-23T04:22:52","slug":"por-que-elegir-nuestro-centro-quirurgico","status":"publish","type":"page","link":"https:\/\/www.loveyourjaws.com\/es\/por-que-elegir-nuestro-centro-quirurgico\/","title":{"rendered":"\u00bfPor qu\u00e9 elegir nuestro centro de cirug\u00eda oral?"},"content":{"rendered":"\n<figure class=\"wp-block-image size-full\"><img loading=\"lazy\" decoding=\"async\" width=\"800\" height=\"480\" src=\"https:\/\/www.loveyourjaws.com\/wp-content\/uploads\/2025\/12\/love-your-jaws-team.webp\" alt=\"Equipo de Love Your Jaws\" class=\"wp-image-132\" srcset=\"https:\/\/www.loveyourjaws.com\/wp-content\/uploads\/2025\/12\/love-your-jaws-team.webp 800w, https:\/\/www.loveyourjaws.com\/wp-content\/uploads\/2025\/12\/love-your-jaws-team-300x180.webp 300w, https:\/\/www.loveyourjaws.com\/wp-content\/uploads\/2025\/12\/love-your-jaws-team-768x461.webp 768w\" sizes=\"auto, (max-width: 800px) 100vw, 800px\" \/><\/figure>\n\n<h2 class=\"wp-block-heading\">Nuestra filosof\u00eda pr\u00e1ctica<\/h2>\n\n<p>\u201cConf\u00ede su cuidado a especialistas en cirug\u00eda maxilofacial y cirug\u00eda rob\u00f3tica de implantes dentales\u201d<\/p>\n\n<p>Love Your Jaws Surgery Center se dedica a la m\u00e1s alta calidad de atenci\u00f3n en cirug\u00eda oral y maxilofacial. Nos enorgullecemos de ofrecer una atenci\u00f3n cl\u00ednica de vanguardia que es atenta, compasiva y sensible a las necesidades individuales de nuestros pacientes. Nuestro objetivo es satisfacer y superar las expectativas de nuestros pacientes. Logramos este objetivo de manera constante informando y educando a nuestros pacientes sobre sus opciones de tratamiento. Nuestra pr\u00e1ctica mantiene un \u201cenfoque centrado en el paciente\u201d, asegurando la provisi\u00f3n del m\u00e1s alto est\u00e1ndar de atenci\u00f3n quir\u00fargica oral y maxilofacial basada en la \u00e9tica en un entorno que fomenta la confianza mutua, construyendo as\u00ed una s\u00f3lida relaci\u00f3n m\u00e9dico-paciente.<\/p>\n\n<p>\u00a1Cada d\u00eda, nuestros pacientes son lo primero!<\/p>\n\n<p>Sabemos que, al elegir un cirujano oral, tiene varias opciones. Nuestra prioridad n\u00famero uno es la atenci\u00f3n al paciente personalizada, delicada y completa.<\/p>\n\n<p><strong>Aqu\u00ed tiene solo algunas de las cosas que hacen que nuestra pr\u00e1ctica sea \u00fanica:<\/strong><\/p>\n\n<div class=\"wp-block-columns are-vertically-aligned-center is-layout-flex wp-container-core-columns-is-layout-9d6595d7 wp-block-columns-is-layout-flex\">\n<div class=\"wp-block-column is-vertically-aligned-center is-layout-flow wp-block-column-is-layout-flow\">\n<h2 class=\"wp-block-heading\">Cuidado y compromiso<\/h2>\n\n\n\n<p>Desde la recepci\u00f3n hasta la sala de examen, nuestra cl\u00ednica cuenta con profesionales que se toman muy en serio su salud bucal. Utilizando equipos de \u00faltima generaci\u00f3n dise\u00f1ados pensando en la seguridad y la eficacia, podemos ofrecer la mejor atenci\u00f3n. Al recorrer nuestra cl\u00ednica, notar\u00e1 que todo est\u00e1 limpio, c\u00f3modo y completamente esterilizado. Su seguridad y comodidad son nuestra prioridad.<\/p>\n<\/div>\n\n\n\n<div class=\"wp-block-column is-vertically-aligned-center is-layout-flow wp-block-column-is-layout-flow\">\n<figure class=\"wp-block-video\"><video height=\"1080\" style=\"aspect-ratio: 1920 \/ 1080;\" width=\"1920\" controls=\"\" poster=\"https:\/\/www.loveyourjaws.com\/wp-content\/uploads\/2025\/12\/Love-Your-Jaws-Information.webp\" src=\"https:\/\/www.loveyourjaws.com\/wp-content\/uploads\/2025\/12\/love-your-jaws-team.mp4\"><\/video><\/figure>\n<\/div>\n<\/div>\n\n<h2 class=\"wp-block-heading\">Honestidad y accesibilidad<\/h2>\n\n<p>Sabemos que el coste de la atenci\u00f3n puede ser confuso. Adem\u00e1s de ofrecer varias opciones de pago en la cl\u00ednica que se ajustan a su presupuesto, tambi\u00e9n le proporcionamos informaci\u00f3n anticipada sobre el coste de su tratamiento. Somos un proveedor fuera de la red con una variedad de planes de seguro y ofrecemos m\u00faltiples formas de financiaci\u00f3n dental con cr\u00e9dito disponible en plazos que se ajustan a sus necesidades. Le ayudaremos a gestionar su seguro dental y las opciones de pago alternativas.<\/p>\n\n<h2 class=\"wp-block-heading\">F\u00e1cil acceso a la atenci\u00f3n e informaci\u00f3n de cirug\u00eda oral<\/h2>\n\n<p>Sabemos que su tiempo es valioso, por lo que ofrecemos horarios extendidos en d\u00edas seleccionados, recordatorios de citas y tiempos de respuesta r\u00e1pidos para llamadas y solicitudes de reuni\u00f3n. Estaremos encantados de responder a cualquier pregunta o inquietud en la cl\u00ednica, por tel\u00e9fono o por correo electr\u00f3nico.<\/p>\n\n<h2 class=\"wp-block-heading\">Cirug\u00eda oral completa en un solo lugar<\/h2>\n\n<p>En nuestra cl\u00ednica, estamos cualificados para manejar todos los aspectos de su atenci\u00f3n oral y maxilofacial, por lo que siempre estar\u00e1 rodeado de personas en las que conf\u00eda. Si necesitamos derivarle, nos comprometemos a enviarle a colegas cuidadosamente seleccionados que aplican los mismos principios profesionales en su cl\u00ednica que nosotros en la nuestra.<\/p>\n\n<h2 class=\"wp-block-heading\">Comodidad<\/h2>\n\n<p>Respetamos y entendemos que muchos pacientes experimentan ansiedad dental. En nuestra cl\u00ednica, hacemos todo lo posible para garantizar que su experiencia sea lo m\u00e1s agradable posible. A menudo podemos aliviar el miedo dental comunicando claramente lo que puede esperar durante su tratamiento. Le animamos a usar auriculares y m\u00fasica durante su tratamiento y a preguntarnos sobre opciones relajantes.<\/p>\n\n<h2 class=\"wp-block-heading\">Servicio personalizado<\/h2>\n\n<p>En nuestra cl\u00ednica, no es solo un paciente. Nos preocupamos por usted y sus necesidades de salud bucal. \u00a1Durante su visita, encontrar\u00e1 un amigo en su cirujano oral!<\/p>\n\n<p class=\"raw-with-background\">\u00a1Ll\u00e1menos hoy mismo! \u00a1Se alegrar\u00e1 de habernos elegido para sus necesidades de cirug\u00eda oral!<\/p>\n","protected":false},"excerpt":{"rendered":"<p>Nuestra filosof\u00eda pr\u00e1ctica \u201cConf\u00ede su cuidado a especialistas en cirug\u00eda maxilofacial y cirug\u00eda rob\u00f3tica de implantes dentales\u201d Love Your Jaws Surgery Center se dedica a la m\u00e1s alta calidad de atenci\u00f3n en cirug\u00eda oral y maxilofacial. Nos enorgullecemos de ofrecer una atenci\u00f3n cl\u00ednica de vanguardia que es atenta, compasiva y sensible a las necesidades individuales de nuestros pacientes. Nuestro objetivo&hellip;<\/p>\n","protected":false},"author":1,"featured_media":0,"parent":0,"menu_order":0,"comment_status":"closed","ping_status":"closed","template":"","meta":{"_acf_changed":false,"_seopress_robots_primary_cat":"","_seopress_titles_title":"\u00bfPor qu\u00e9 elegir nuestro centro de cirug\u00eda oral? - Love Your Jaws","_seopress_titles_desc":"Descubra por qu\u00e9 los pacientes de Miami eligen el centro de cirug\u00eda oral Love Your Jaws por su tecnolog\u00eda avanzada, cirujanos especializados y atenci\u00f3n centrada en el paciente.","_seopress_robots_index":"","footnotes":""},"content-section":[77],"class_list":{"0":"post-1078","1":"page","2":"type-page","3":"status-publish","5":"content-section-about","6":"no-post-thumbnail"},"acf":[],"_links":{"self":[{"href":"https:\/\/www.loveyourjaws.com\/es\/wp-json\/wp\/v2\/pages\/1078","targetHints":{"allow":["GET"]}}],"collection":[{"href":"https:\/\/www.loveyourjaws.com\/es\/wp-json\/wp\/v2\/pages"}],"about":[{"href":"https:\/\/www.loveyourjaws.com\/es\/wp-json\/wp\/v2\/types\/page"}],"author":[{"embeddable":true,"href":"https:\/\/www.loveyourjaws.com\/es\/wp-json\/wp\/v2\/users\/1"}],"replies":[{"embeddable":true,"href":"https:\/\/www.loveyourjaws.com\/es\/wp-json\/wp\/v2\/comments?post=1078"}],"version-history":[{"count":2,"href":"https:\/\/www.loveyourjaws.com\/es\/wp-json\/wp\/v2\/pages\/1078\/revisions"}],"predecessor-version":[{"id":1181,"href":"https:\/\/www.loveyourjaws.com\/es\/wp-json\/wp\/v2\/pages\/1078\/revisions\/1181"}],"wp:attachment":[{"href":"https:\/\/www.loveyourjaws.com\/es\/wp-json\/wp\/v2\/media?parent=1078"}],"wp:term":[{"taxonomy":"content-section","embeddable":true,"href":"https:\/\/www.loveyourjaws.com\/es\/wp-json\/wp\/v2\/content-section?post=1078"}],"curies":[{"name":"wp","href":"https:\/\/api.w.org\/{rel}","templated":true}]}}