{"id":1082,"date":"2026-01-17T17:47:29","date_gmt":"2026-01-17T17:47:29","guid":{"rendered":"https:\/\/www.loveyourjaws.com\/tecnologia-robotica\/"},"modified":"2026-03-23T04:25:00","modified_gmt":"2026-03-23T04:25:00","slug":"tecnologia-robotica","status":"publish","type":"page","link":"https:\/\/www.loveyourjaws.com\/es\/tecnologia-robotica\/","title":{"rendered":"Tecnolog\u00eda rob\u00f3tica"},"content":{"rendered":"\n<h2 class=\"wp-block-heading\">Cirug\u00eda de implantes dentales de precisi\u00f3n<\/h2>\n\n<p>Cuando busca atenci\u00f3n en nuestra consulta, tiene la garant\u00eda de que el Dr. Kroum D. Dimitrov y su equipo utilizan la \u00faltima tecnolog\u00eda para mejorar la calidad y la precisi\u00f3n de su atenci\u00f3n dental.<\/p>\n\n<h2 class=\"wp-block-heading\">Imagen digital<\/h2>\n\n<p>El Dr. Kroum D. Dimitrov selecciona cuidadosamente qu\u00e9 radiograf\u00edas se toman y cu\u00e1ndo. Seguimos numerosas directrices. Las radiograf\u00edas nos permiten ver todo lo que no podemos ver con nuestros propios ojos. Las radiograf\u00edas nos permiten detectar caries entre los dientes, determinar el nivel \u00f3seo y analizar la salud del hueso. Tambi\u00e9n podemos examinar las ra\u00edces y los nervios de los dientes, diagnosticar lesiones como quistes o tumores, as\u00ed como evaluar los da\u00f1os cuando se produce un traumatismo.    <\/p>\n\n<p>Los esc\u00e1neres de tomograf\u00eda computarizada de haz c\u00f3nico oral y maxilofacial y las radiograf\u00edas digitales son herramientas invaluables para diagnosticar, tratar y mantener la salud dental. El tiempo de exposici\u00f3n para las radiograf\u00edas dentales es extremadamente m\u00ednimo. El Dr. Kroum D. Dimitrov utiliza tecnolog\u00edas de imagen digital en la consulta. Con la <strong>imagen digital<\/strong>, el tiempo de exposici\u00f3n es aproximadamente un 50 % menor en comparaci\u00f3n con las radiograf\u00edas tradicionales. La imagen digital tambi\u00e9n puede ayudarnos a obtener informaci\u00f3n diagn\u00f3stica valiosa. Podemos detectar mejor las caries.     <\/p>\n\n<p>La imagen digital nos permite almacenar im\u00e1genes de los pacientes y nos permite transferirlas de forma r\u00e1pida y sencilla a especialistas o compa\u00f1\u00edas de seguros.<\/p>\n\n<h3 class=\"wp-block-heading\">Radiograf\u00edas digitales:<\/h3>\n\n<p>Las <strong>radiograf\u00edas digitales<\/strong> ofrecen mayor precisi\u00f3n, ya que visualizamos la imagen en un monitor de ordenador, en lugar de sostener una pel\u00edcula de 35 mm a contraluz. Las radiograf\u00edas digitales suponen 1\/6 de la exposici\u00f3n a la radiaci\u00f3n para usted. <br\/><br\/>Esc\u00e1ner intraoral<\/p>\n\n<p>Nuestro esc\u00e1ner intraoral est\u00e1 dise\u00f1ado para ofrecer una experiencia de escaneo sin esfuerzo, ergonom\u00eda de siguiente nivel e higiene mejorada. Este esc\u00e1ner establece un nuevo est\u00e1ndar en protecci\u00f3n del paciente y control de infecciones. No solo es higi\u00e9nico por dise\u00f1o, sino tambi\u00e9n m\u00e1s peque\u00f1o, m\u00e1s ligero y dise\u00f1ado para adaptarse perfectamente a cualquier mano. Adem\u00e1s, viene con nuestro nuevo motor ScanAssist para obtener resultados de escaneo perfectos y m\u00e1xima conectividad.   <\/p>\n\n<p>El uso del esc\u00e1ner intraoral elimina la necesidad de impresiones tradicionales. Con esta tecnolog\u00eda, podemos garantizar una higiene impecable mientras trabajamos de forma c\u00f3moda y ergon\u00f3mica.  <\/p>\n\n<h2 class=\"wp-block-heading\">ESC\u00c1NERES CBCT<\/h2>\n\n<h5 class=\"wp-block-heading\">\u00a0<\/h5>\n\n<p>\u00abConf\u00ede su atenci\u00f3n a los especialistas en cirug\u00eda maxilofacial y reconstrucci\u00f3n rob\u00f3tica de implantes dentales\u00bb<\/p>\n\n<p>Un esc\u00e1ner dental CAT le dar\u00e1 al doctor la capacidad de ver inmediatamente una imagen tridimensional de las estructuras \u00f3seas faciales y maxilares. Estos esc\u00e1neres tienen baja radiaci\u00f3n en comparaci\u00f3n con los esc\u00e1neres CAT hospitalarios y son muy \u00fatiles para la evaluaci\u00f3n previa a la cirug\u00eda de implantes dentales, para pacientes con patolog\u00eda \u00f3sea maxilar y dientes severamente impactados. Para su comodidad, nuestra consulta cuenta con un esc\u00e1ner dental CAT de haz c\u00f3nico de alta tecnolog\u00eda (I-Cat) y el Dr. Kroum Dimitrov puede sugerir esta prueba para establecer un plan de tratamiento adecuado para usted.  <\/p>\n","protected":false},"excerpt":{"rendered":"<p>Cirug\u00eda de implantes dentales de precisi\u00f3n Cuando busca atenci\u00f3n en nuestra consulta, tiene la garant\u00eda de que el Dr. Kroum D. Dimitrov y su equipo utilizan la \u00faltima tecnolog\u00eda para mejorar la calidad y la precisi\u00f3n de su atenci\u00f3n dental. Imagen digital El Dr. Kroum D. Dimitrov selecciona cuidadosamente qu\u00e9 radiograf\u00edas se toman y cu\u00e1ndo. Seguimos numerosas directrices. Las radiograf\u00edas&hellip;<\/p>\n","protected":false},"author":1,"featured_media":0,"parent":0,"menu_order":0,"comment_status":"closed","ping_status":"closed","template":"","meta":{"_acf_changed":false,"_seopress_robots_primary_cat":"","_seopress_titles_title":"Tecnolog\u00eda rob\u00f3tica - Love Your Jaws","_seopress_titles_desc":"La tecnolog\u00eda rob\u00f3tica avanzada ayuda a nuestros pacientes en Miami a disfrutar de una planificaci\u00f3n quir\u00fargica m\u00e1s precisa y de un tratamiento moderno de cirug\u00eda oral.","_seopress_robots_index":"","footnotes":""},"content-section":[77,76],"class_list":{"0":"post-1082","1":"page","2":"type-page","3":"status-publish","5":"content-section-about","6":"content-section-robotic-technology","7":"no-post-thumbnail"},"acf":[],"_links":{"self":[{"href":"https:\/\/www.loveyourjaws.com\/es\/wp-json\/wp\/v2\/pages\/1082","targetHints":{"allow":["GET"]}}],"collection":[{"href":"https:\/\/www.loveyourjaws.com\/es\/wp-json\/wp\/v2\/pages"}],"about":[{"href":"https:\/\/www.loveyourjaws.com\/es\/wp-json\/wp\/v2\/types\/page"}],"author":[{"embeddable":true,"href":"https:\/\/www.loveyourjaws.com\/es\/wp-json\/wp\/v2\/users\/1"}],"replies":[{"embeddable":true,"href":"https:\/\/www.loveyourjaws.com\/es\/wp-json\/wp\/v2\/comments?post=1082"}],"version-history":[{"count":1,"href":"https:\/\/www.loveyourjaws.com\/es\/wp-json\/wp\/v2\/pages\/1082\/revisions"}],"predecessor-version":[{"id":1083,"href":"https:\/\/www.loveyourjaws.com\/es\/wp-json\/wp\/v2\/pages\/1082\/revisions\/1083"}],"wp:attachment":[{"href":"https:\/\/www.loveyourjaws.com\/es\/wp-json\/wp\/v2\/media?parent=1082"}],"wp:term":[{"taxonomy":"content-section","embeddable":true,"href":"https:\/\/www.loveyourjaws.com\/es\/wp-json\/wp\/v2\/content-section?post=1082"}],"curies":[{"name":"wp","href":"https:\/\/api.w.org\/{rel}","templated":true}]}}