{"id":1086,"date":"2026-02-15T14:32:07","date_gmt":"2026-02-15T14:32:07","guid":{"rendered":"https:\/\/www.loveyourjaws.com\/informacion-del-paciente\/"},"modified":"2026-04-30T14:08:34","modified_gmt":"2026-04-30T14:08:34","slug":"informacion-del-paciente","status":"publish","type":"page","link":"https:\/\/www.loveyourjaws.com\/es\/informacion-del-paciente\/","title":{"rendered":"Informaci\u00f3n del paciente"},"content":{"rendered":"\n<h2 class=\"wp-block-heading\"><strong>Bienvenido al Centro Quir\u00fargico Love Your Jaws<\/strong><\/h2>\n\n<p>Nos sentimos honrados de que haya elegido al <strong><a href=\"https:\/\/www.loveyourjaws.com\/meet-us\/meet-the-doctor-dr-kroum-dimitrov\/\">Dr. Kroum Dimitrov<\/a><\/strong> para sus necesidades de cirug\u00eda oral y maxilofacial. Nuestro equipo se dedica a proporcionarle una experiencia fluida y c\u00f3moda desde su primera llamada telef\u00f3nica hasta su \u00faltima revisi\u00f3n. <\/p>\n\n<p>Para que su primera visita transcurra de la manera m\u00e1s fluida posible, hemos recopilado la informaci\u00f3n esencial que necesitar\u00e1 sobre programaci\u00f3n de citas, seguros y protocolos cl\u00ednicos.<\/p>\n\n<hr class=\"wp-block-separator has-alpha-channel-opacity\"\/>\n\n<h2 class=\"wp-block-heading\"><strong><a href=\"https:\/\/www.loveyourjaws.com\/es\/patient-information\/primera-visita\/\">Su primera visita<\/a>: La consulta<\/strong><\/h2>\n\n<p>Su primera cita consistir\u00e1 normalmente en una consulta integral. Durante esta visita, el Dr. Dimitrov: <\/p>\n\n<ul class=\"wp-block-list\">\n<li><strong>Revisar\u00e1 su historial m\u00e9dico:<\/strong> incluidos los medicamentos actuales o afecciones subyacentes.<\/li>\n\n\n\n<li><strong>Realizar\u00e1 un examen cl\u00ednico:<\/strong> utilizando im\u00e1genes 3D de tomograf\u00eda computarizada de haz c\u00f3nico (CBCT) de alta resoluci\u00f3n para evaluar su estructura \u00f3sea y anatom\u00eda.<\/li>\n\n\n\n<li><strong>Analizar\u00e1 las opciones de tratamiento:<\/strong> creemos en la educaci\u00f3n del paciente. Le explicaremos su diagn\u00f3stico y el plan quir\u00fargico propuesto utilizando modelos digitales en 3D. <\/li>\n\n\n\n<li><strong>Planificaci\u00f3n de la anestesia:<\/strong> si se requiere cirug\u00eda, analizaremos las mejores opciones de sedaci\u00f3n o anestesia para su comodidad.<\/li>\n<\/ul>\n\n<p><strong>Tenga en cuenta:<\/strong> la cirug\u00eda puede realizarse a menudo el mismo d\u00eda de la consulta en el caso de procedimientos menores. Sin embargo, un historial m\u00e9dico complejo o procedimientos que requieran <strong>anestesia general<\/strong> o <strong>sedaci\u00f3n intravenosa<\/strong> requerir\u00e1n una evaluaci\u00f3n independiente y una segunda cita para la cirug\u00eda. <\/p>\n\n<hr class=\"wp-block-separator has-alpha-channel-opacity\"\/>\n\n<h2 class=\"wp-block-heading\"><strong><a href=\"https:\/\/www.loveyourjaws.com\/es\/solicitar-una-cita\/\">Programaci\u00f3n de citas y pol\u00edtica de la cl\u00ednica<\/a><\/strong><\/h2>\n\n<p>Nuestra cl\u00ednica est\u00e1 abierta de <strong>lunes a jueves, de 9:00 a 17:00<\/strong> y los <strong>viernes, de 08:00 a 13:00<\/strong>. Respetamos su tiempo y hacemos todo lo posible por cumplir con el horario; sin embargo, como pr\u00e1ctica quir\u00fargica, las emergencias pueden ocasionar retrasos ocasionales. Agradecemos su paciencia.  <\/p>\n\n<ul class=\"wp-block-list\">\n<li><strong>Solicitud de citas:<\/strong> puede solicitar una cita en l\u00ednea o llamarnos directamente al <a href=\"tel:3056615297\"><strong>305-661-5297<\/strong>.<\/a><\/li>\n\n\n\n<li><strong>Cancelaciones:<\/strong> solicitamos un aviso de al menos 24 horas para cualquier cancelaci\u00f3n, de modo que podamos ofrecer ese horario a otro paciente que lo necesite.<\/li>\n<\/ul>\n\n<hr class=\"wp-block-separator has-alpha-channel-opacity\"\/>\n\n<h2 class=\"wp-block-heading\"><strong><a href=\"https:\/\/www.loveyourjaws.com\/es\/patient-information\/pago-y-seguro\/\">Informaci\u00f3n sobre seguros y aspectos financieros<\/a><\/strong><\/h2>\n\n<p>Gestionar el seguro para cirug\u00eda oral puede ser complejo porque a menudo se encuentra entre la cobertura m\u00e9dica y la dental.<\/p>\n\n<ul class=\"wp-block-list\">\n<li><strong>Coordinaci\u00f3n de seguros:<\/strong> aunque Love Your Jaws es un centro quir\u00fargico de pago por servicio, <strong><a href=\"https:\/\/www.loveyourjaws.com\/patient-information\/payment-and-insurance\/delta-dental\/\">Delta Dental Insurance<\/a><\/strong> es actualmente el <strong>\u00fanico proveedor de seguros que aceptamos dentro de la red<\/strong>. No obstante, nuestro equipo administrativo experto le ayudar\u00e1 a <strong>maximizar sus beneficios de seguro fuera de la red<\/strong> y le proporcionar\u00e1 un presupuesto transparente y detallado de los costes previstos que deber\u00e1 asumir. <\/li>\n\n\n\n<li><strong>Opciones de pago:<\/strong> para su comodidad, aceptamos efectivo, todas las principales tarjetas de cr\u00e9dito y financiaci\u00f3n sanitaria especializada a trav\u00e9s de <strong><a href=\"https:\/\/www.loveyourjaws.com\/patient-information\/payment-and-insurance\/carecredit\/\">CareCredit<\/a><\/strong>.<\/li>\n<\/ul>\n\n<hr class=\"wp-block-separator has-alpha-channel-opacity\"\/>\n\n<h2 class=\"wp-block-heading\"><strong>Formularios digitales para pacientes<\/strong><\/h2>\n\n<h3 class=\"wp-block-heading\"><strong><a href=\"https:\/\/www.loveyourjaws.com\/es\/politica-de-privacidad\/\">Pol\u00edtica de privacidad \/ HIPAA<\/a><\/strong><\/h3>\n\n<h3 class=\"wp-block-heading\"><strong><a href=\"https:\/\/forms.wv3.io\/form?formId=0b89b578-1324-4d39-a235-85b5bd6c893f&amp;companyId=982e4de6-223d-496f-b590-264cfaeb61d0\">Solicitar una cita<\/a><\/strong><\/h3>\n\n<p><\/p>\n","protected":false},"excerpt":{"rendered":"<p>Bienvenido al Centro Quir\u00fargico Love Your Jaws Nos sentimos honrados de que haya elegido al Dr. Kroum Dimitrov para sus necesidades de cirug\u00eda oral y maxilofacial. Nuestro equipo se dedica a proporcionarle una experiencia fluida y c\u00f3moda desde su primera llamada telef\u00f3nica hasta su \u00faltima revisi\u00f3n. Para que su primera visita transcurra de la manera m\u00e1s fluida posible, hemos recopilado&hellip;<\/p>\n","protected":false},"author":1,"featured_media":0,"parent":0,"menu_order":0,"comment_status":"closed","ping_status":"closed","template":"","meta":{"_acf_changed":false,"_seopress_robots_primary_cat":"","_seopress_titles_title":"Informaci\u00f3n para el paciente - Love Your Jaws","_seopress_titles_desc":"Descubra qu\u00e9 esperar durante su visita, incluyendo los formularios para el paciente, las instrucciones de preparaci\u00f3n y la informaci\u00f3n sobre la recuperaci\u00f3n para todos los pacientes de Miami.","_seopress_robots_index":"","footnotes":""},"content-section":[74],"class_list":{"0":"post-1086","1":"page","2":"type-page","3":"status-publish","5":"content-section-patient-information","6":"no-post-thumbnail"},"acf":[],"_links":{"self":[{"href":"https:\/\/www.loveyourjaws.com\/es\/wp-json\/wp\/v2\/pages\/1086","targetHints":{"allow":["GET"]}}],"collection":[{"href":"https:\/\/www.loveyourjaws.com\/es\/wp-json\/wp\/v2\/pages"}],"about":[{"href":"https:\/\/www.loveyourjaws.com\/es\/wp-json\/wp\/v2\/types\/page"}],"author":[{"embeddable":true,"href":"https:\/\/www.loveyourjaws.com\/es\/wp-json\/wp\/v2\/users\/1"}],"replies":[{"embeddable":true,"href":"https:\/\/www.loveyourjaws.com\/es\/wp-json\/wp\/v2\/comments?post=1086"}],"version-history":[{"count":3,"href":"https:\/\/www.loveyourjaws.com\/es\/wp-json\/wp\/v2\/pages\/1086\/revisions"}],"predecessor-version":[{"id":1535,"href":"https:\/\/www.loveyourjaws.com\/es\/wp-json\/wp\/v2\/pages\/1086\/revisions\/1535"}],"wp:attachment":[{"href":"https:\/\/www.loveyourjaws.com\/es\/wp-json\/wp\/v2\/media?parent=1086"}],"wp:term":[{"taxonomy":"content-section","embeddable":true,"href":"https:\/\/www.loveyourjaws.com\/es\/wp-json\/wp\/v2\/content-section?post=1086"}],"curies":[{"name":"wp","href":"https:\/\/api.w.org\/{rel}","templated":true}]}}