{"id":1088,"date":"2025-11-11T19:30:59","date_gmt":"2025-11-11T19:30:59","guid":{"rendered":"https:\/\/www.loveyourjaws.com\/politica-de-privacidad\/"},"modified":"2026-04-30T14:08:34","modified_gmt":"2026-04-30T14:08:34","slug":"politica-de-privacidad","status":"publish","type":"page","link":"https:\/\/www.loveyourjaws.com\/es\/politica-de-privacidad\/","title":{"rendered":"Pol\u00edtica de privacidad"},"content":{"rendered":"\n<p><a href=\"https:\/\/forms.wv3.io\/form?formId=fa9973d8-f63c-434c-9e16-df57e03ca42a&amp;companyId=982e4de6-223d-496f-b590-264cfaeb61d0\">Aviso de pr\u00e1cticas de privacidad<\/a><\/p>\n\n<h2 class=\"wp-block-heading\"><strong>ESTE AVISO DESCRIBE C\u00d3MO PUEDE UTILIZARSE Y DIVULGARSE LA INFORMACI\u00d3N M\u00c9DICA SOBRE USTED Y C\u00d3MO PUEDE ACCEDER A ESTA INFORMACI\u00d3N. POR FAVOR, REV\u00cdSELO DETENIDAMENTE. <\/strong><\/h2>\n\n<p>En <strong>Love Your Jaws Surgery Center<\/strong>, estamos comprometidos con la protecci\u00f3n de su informaci\u00f3n sanitaria. Estamos obligados por ley a mantener la privacidad de su Informaci\u00f3n Sanitaria Protegida (PHI) y a proporcionarle este aviso sobre nuestras obligaciones legales y pr\u00e1cticas de privacidad. <\/p>\n\n<h3 class=\"wp-block-heading\"><strong>1. C\u00f3mo podemos utilizar y divulgar su informaci\u00f3n sanitaria<\/strong><\/h3>\n\n<p>Utilizamos su PHI para tratamiento, pago y operaciones sanitarias sin necesidad de autorizaci\u00f3n espec\u00edfica:<\/p>\n\n<ul class=\"wp-block-list\">\n<li><strong>Tratamiento:<\/strong> Podemos divulgar su informaci\u00f3n a otros m\u00e9dicos, enfermeros o t\u00e9cnicos que participen en su atenci\u00f3n. Por ejemplo, compartir su plan quir\u00fargico con su dentista general. <\/li>\n\n\n\n<li><strong>Pago:<\/strong> Utilizamos su informaci\u00f3n para facturar y cobrar el pago de usted, una compa\u00f1\u00eda de seguros o un tercero.<\/li>\n\n\n\n<li><strong>Operaciones sanitarias:<\/strong> Utilizamos la PHI para gestionar nuestra consulta y garantizar que todos los pacientes reciban atenci\u00f3n de calidad (p. ej., evaluaci\u00f3n de calidad, formaci\u00f3n o auditor\u00edas cl\u00ednicas).<\/li>\n<\/ul>\n\n<h3 class=\"wp-block-heading\"><strong>2. Otros usos y divulgaciones permitidos<\/strong><\/h3>\n\n<p>Tambi\u00e9n podemos compartir su informaci\u00f3n en las siguientes situaciones seg\u00fan lo permitido o requerido por la ley:<\/p>\n\n<ul class=\"wp-block-list\">\n<li><strong>Salud p\u00fablica:<\/strong> Para prevenir enfermedades o notificar reacciones adversas a medicamentos.<\/li>\n\n\n\n<li><strong>Requisitos legales:<\/strong> En respuesta a una orden judicial, citaci\u00f3n o solicitud de las fuerzas del orden.<\/li>\n\n\n\n<li><strong>Amenaza grave:<\/strong> Para prevenir una amenaza grave para su salud o seguridad o la seguridad del p\u00fablico.<\/li>\n\n\n\n<li><strong>Divulgaciones espec\u00edficas de Florida:<\/strong> Seg\u00fan lo requerido por la ley de Florida, notificamos ciertas lesiones (como heridas de bala) y sospechas de abuso o negligencia a las autoridades estatales correspondientes.<\/li>\n<\/ul>\n\n<h3 class=\"wp-block-heading\"><strong>3. Sus derechos con respecto a su informaci\u00f3n sanitaria<\/strong><\/h3>\n\n<p>Usted tiene los siguientes derechos bajo la HIPAA:<\/p>\n\n<ul class=\"wp-block-list\">\n<li><strong>Derecho a inspeccionar y copiar:<\/strong> Tiene derecho a ver y obtener una copia de sus registros m\u00e9dicos y de facturaci\u00f3n. Los proporcionaremos (normalmente en formato electr\u00f3nico) en un plazo de 30 d\u00edas. <\/li>\n\n\n\n<li><strong>Derecho a enmendar:<\/strong> Si considera que la informaci\u00f3n que tenemos es incorrecta, puede solicitarnos que la modifiquemos.<\/li>\n\n\n\n<li><strong>Derecho a solicitar restricciones:<\/strong> Puede solicitarnos que no utilicemos ni compartamos cierta informaci\u00f3n sanitaria para tratamiento, pago o nuestras operaciones. No estamos obligados a aceptar, <em>a menos que<\/em> pague un servicio de su bolsillo en su totalidad y nos solicite que no compartamos esa informaci\u00f3n con su aseguradora m\u00e9dica. <\/li>\n\n\n\n<li><strong>Derecho a comunicaciones confidenciales:<\/strong> Puede solicitarnos que nos comuniquemos con usted de una manera espec\u00edfica (p. ej., solo por tel\u00e9fono particular o a una direcci\u00f3n postal espec\u00edfica).<\/li>\n\n\n\n<li><strong>Derecho a una copia impresa:<\/strong> Puede solicitar una copia impresa de este aviso en cualquier momento.<\/li>\n<\/ul>\n\n<h3 class=\"wp-block-heading\"><strong>4. Nuestras responsabilidades<\/strong><\/h3>\n\n<ul class=\"wp-block-list\">\n<li>Estamos obligados por ley a mantener la privacidad y seguridad de su PHI.<\/li>\n\n\n\n<li>Le notificaremos de inmediato si se produce una violaci\u00f3n que pueda haber comprometido la privacidad o seguridad de su informaci\u00f3n.<\/li>\n\n\n\n<li>Debemos cumplir con las obligaciones y pr\u00e1cticas de privacidad descritas en este aviso.<\/li>\n\n\n\n<li>No utilizaremos ni compartiremos su informaci\u00f3n de otra manera que no sea la descrita aqu\u00ed, a menos que usted nos autorice por escrito. Puede cambiar de opini\u00f3n en cualquier momento notific\u00e1ndonoslo. <\/li>\n<\/ul>\n\n<h3 class=\"wp-block-heading\"><strong>5. Quejas<\/strong><\/h3>\n\n<p id=\"p-rc_1b9fb383745926e9-51\">Si considera que se han violado sus derechos de privacidad, puede presentar una queja ante nosotros o ante la Oficina de Derechos Civiles del Departamento de Salud y Servicios Humanos de EE. UU. No sufrir\u00e1 represalias por presentar una queja. <sup><\/sup><\/p>\n\n<p><strong>Contacte con nuestro responsable de privacidad:<\/strong><\/p>\n\n<p>Millie Acosta<\/p>\n\n<p><strong>Love Your Jaws Surgery Center<\/strong><\/p>\n\n<p>7600 S. W. 57th Avenue, Suite 101<br\/>South Miami, FL 33143<\/p>\n\n<p>305-661-5297<\/p>\n\n<p>millie@loveyourjaws.com<\/p>\n","protected":false},"excerpt":{"rendered":"<p>Aviso de pr\u00e1cticas de privacidad ESTE AVISO DESCRIBE C\u00d3MO PUEDE UTILIZARSE Y DIVULGARSE LA INFORMACI\u00d3N M\u00c9DICA SOBRE USTED Y C\u00d3MO PUEDE ACCEDER A ESTA INFORMACI\u00d3N. POR FAVOR, REV\u00cdSELO DETENIDAMENTE. En Love Your Jaws Surgery Center, estamos comprometidos con la protecci\u00f3n de su informaci\u00f3n sanitaria. Estamos obligados por ley a mantener la privacidad de su Informaci\u00f3n Sanitaria Protegida (PHI) y a&hellip;<\/p>\n","protected":false},"author":1,"featured_media":0,"parent":0,"menu_order":0,"comment_status":"closed","ping_status":"closed","template":"","meta":{"_acf_changed":false,"_seopress_robots_primary_cat":"","_seopress_titles_title":"Pol\u00edtica de privacidad - Love Your Jaws","_seopress_titles_desc":"Lea la Pol\u00edtica de Privacidad de Love Your Jaws Surgery Center. Descubra c\u00f3mo protegemos su informaci\u00f3n personal y mantenemos el cumplimiento de la HIPAA en nuestra oficina de Miami, FL. ","_seopress_robots_index":"","footnotes":""},"content-section":[],"class_list":{"0":"post-1088","1":"page","2":"type-page","3":"status-publish","5":"no-post-thumbnail"},"acf":[],"_links":{"self":[{"href":"https:\/\/www.loveyourjaws.com\/es\/wp-json\/wp\/v2\/pages\/1088","targetHints":{"allow":["GET"]}}],"collection":[{"href":"https:\/\/www.loveyourjaws.com\/es\/wp-json\/wp\/v2\/pages"}],"about":[{"href":"https:\/\/www.loveyourjaws.com\/es\/wp-json\/wp\/v2\/types\/page"}],"author":[{"embeddable":true,"href":"https:\/\/www.loveyourjaws.com\/es\/wp-json\/wp\/v2\/users\/1"}],"replies":[{"embeddable":true,"href":"https:\/\/www.loveyourjaws.com\/es\/wp-json\/wp\/v2\/comments?post=1088"}],"version-history":[{"count":2,"href":"https:\/\/www.loveyourjaws.com\/es\/wp-json\/wp\/v2\/pages\/1088\/revisions"}],"predecessor-version":[{"id":1534,"href":"https:\/\/www.loveyourjaws.com\/es\/wp-json\/wp\/v2\/pages\/1088\/revisions\/1534"}],"wp:attachment":[{"href":"https:\/\/www.loveyourjaws.com\/es\/wp-json\/wp\/v2\/media?parent=1088"}],"wp:term":[{"taxonomy":"content-section","embeddable":true,"href":"https:\/\/www.loveyourjaws.com\/es\/wp-json\/wp\/v2\/content-section?post=1088"}],"curies":[{"name":"wp","href":"https:\/\/api.w.org\/{rel}","templated":true}]}}