{"id":1093,"date":"2025-12-21T11:28:51","date_gmt":"2025-12-21T11:28:51","guid":{"rendered":"https:\/\/www.loveyourjaws.com\/implantes-dentales\/"},"modified":"2026-05-01T16:05:47","modified_gmt":"2026-05-01T16:05:47","slug":"implantes-dentales","status":"publish","type":"page","link":"https:\/\/www.loveyourjaws.com\/es\/implantes-dentales\/","title":{"rendered":"Implantes dentales"},"content":{"rendered":"\n<h2 class=\"wp-block-heading\">Implantes dentales en South Miami, FL<\/h2>\n\n<h2 class=\"wp-block-heading\">\u00bfQu\u00e9 son los implantes dentales?<\/h2>\n\n<div class=\"wp-block-columns is-layout-flex wp-container-core-columns-is-layout-9d6595d7 wp-block-columns-is-layout-flex\">\n<div class=\"wp-block-column is-layout-flow wp-block-column-is-layout-flow\" style=\"flex-basis:66%\">\n<p>Un diente natural consta de una ra\u00edz y una corona. Si compara los dientes naturales con los <strong>dientes de sustituci\u00f3n soportados por implantes<\/strong>, ver\u00e1 que tienen las mismas partes b\u00e1sicas. Ambos tienen una corona (la parte visible que se utiliza para masticar los alimentos). Ambos tienen una ra\u00edz que sujeta el diente de forma segura bajo la enc\u00eda y se ancla en la mand\u00edbula. La diferencia es que el implante est\u00e1 hecho de titanio, el mismo material de eficacia probada que utilizan los cirujanos para las articulaciones artificiales. Cuando se pierde un diente, se pierden tanto la ra\u00edz como la corona. Para sustituir el diente, el cirujano sustituye primero la ra\u00edz por un peque\u00f1o <strong>implante dental<\/strong>.      <\/p>\n<\/div>\n\n\n\n<div class=\"wp-block-column is-vertically-aligned-center is-layout-flow wp-block-column-is-layout-flow\" style=\"flex-basis:33.33%\">\n<figure class=\"wp-block-video\"><video height=\"1080\" style=\"aspect-ratio: 1920 \/ 1080;\" width=\"1920\" controls=\"\" poster=\"https:\/\/www.loveyourjaws.com\/wp-content\/uploads\/2025\/12\/robotic-dental-implants.webp\" src=\"https:\/\/www.loveyourjaws.com\/wp-content\/uploads\/2025\/12\/Robotic-Dental-Implants.mp4\"><\/video><\/figure>\n<\/div>\n<\/div>\n\n<p><strong>M\u00e1s informaci\u00f3n:<\/strong> <a href=\"https:\/\/somimag.com\/why-robotic-dental-implants-are-revolutionizing-oral-surgery\/\" target=\"_blank\" rel=\"noreferrer noopener\">Por qu\u00e9 los implantes dentales rob\u00f3ticos est\u00e1n revolucionando la cirug\u00eda oral<\/a><\/p>\n\n<hr class=\"wp-block-separator has-alpha-channel-opacity is-style-wide\"\/>\n\n<div class=\"wp-block-columns are-vertically-aligned-center is-layout-flex wp-container-core-columns-is-layout-9d6595d7 wp-block-columns-is-layout-flex\">\n<div class=\"wp-block-column is-vertically-aligned-center is-layout-flow wp-block-column-is-layout-flow\" style=\"flex-basis:33.33%\"><div class=\"wp-block-image\">\n<figure class=\"aligncenter size-full\"><img alt=\"\" loading=\"lazy\" decoding=\"async\" width=\"600\" height=\"600\" src=\"https:\/\/www.loveyourjaws.com\/wp-content\/uploads\/2025\/12\/dental-implant-illust-circle.png\" alt=\"\" class=\"wp-image-77\" srcset=\"https:\/\/www.loveyourjaws.com\/wp-content\/uploads\/2025\/12\/dental-implant-illust-circle.png 600w, https:\/\/www.loveyourjaws.com\/wp-content\/uploads\/2025\/12\/dental-implant-illust-circle-300x300.png 300w, https:\/\/www.loveyourjaws.com\/wp-content\/uploads\/2025\/12\/dental-implant-illust-circle-150x150.png 150w\" sizes=\"auto, (max-width: 600px) 100vw, 600px\" \/><\/figure>\n<\/div><\/div>\n\n\n\n<div class=\"wp-block-column is-vertically-aligned-center is-layout-flow wp-block-column-is-layout-flow\" style=\"flex-basis:66.66%\">\n<p><em>Se deja tiempo para que el hueso cicatrice y crezca alrededor del implante dental. El hueso se une al titanio, creando una base s\u00f3lida para los dientes artificiales. A continuaci\u00f3n, se coloca un pilar de soporte sobre el implante y una nueva pieza dental de sustituci\u00f3n (corona) sobre el pilar. En muchos casos, se puede colocar un diente provisional inmediatamente despu\u00e9s de la colocaci\u00f3n del implante. Si le faltan todos los dientes, existen diversas opciones de tratamiento para soportar los dientes de sustituci\u00f3n<\/em>.<\/p>\n<\/div>\n<\/div>\n\n<hr class=\"wp-block-separator has-alpha-channel-opacity is-style-wide\"\/>\n\n<h2 class=\"wp-block-heading\">Avances quir\u00fargicos en implantes dentales<\/h2>\n\n<p>Utilizando los avances m\u00e1s recientes en tecnolog\u00eda de implantes dentales, el Dr. Dimitrov puede colocar implantes de una sola etapa. Estos implantes no requieren un segundo procedimiento para descubrirlos, pero s\u00ed requieren un tiempo m\u00ednimo de cicatrizaci\u00f3n de seis semanas antes de colocar los dientes artificiales. Incluso hay situaciones en las que el implante puede colocarse al mismo tiempo que la <a href=\"https:\/\/www.loveyourjaws.com\/es\/extracciones-dentales\/\" data-type=\"page\" data-id=\"201\">extracci\u00f3n dental<\/a>, minimizando a\u00fan m\u00e1s el n\u00famero de procedimientos quir\u00fargicos.  <\/p>\n\n<p>La <a href=\"https:\/\/www.loveyourjaws.com\/es\/dental-implants\/despues-de-la-colocacion-de-implantes-dentales\/\" data-type=\"robotic-dental-impla\" data-id=\"157\">colocaci\u00f3n de implantes dentales<\/a> es un esfuerzo de equipo entre un cirujano oral y maxilofacial y un dentista restaurador. El Dr. Dimitrov realiza la cirug\u00eda de implante propiamente dicha, las extracciones dentales iniciales y el <a href=\"https:\/\/www.loveyourjaws.com\/es\/other-services\/injerto-oseo\/\" data-type=\"other-services\" data-id=\"820\">injerto \u00f3seo<\/a> si es necesario. El dentista restaurador (su dentista) ajusta y fabrica la pr\u00f3tesis permanente. Su dentista tambi\u00e9n fabricar\u00e1 cualquier pr\u00f3tesis provisional necesaria durante el proceso del implante.   <\/p>\n\n<div class=\"wp-block-columns row-with-background is-layout-flex wp-container-core-columns-is-layout-9d6595d7 wp-block-columns-is-layout-flex\">\n<div class=\"wp-block-column is-vertically-aligned-center is-layout-flow wp-block-column-is-layout-flow\">\n<figure class=\"wp-block-embed is-type-video is-provider-youtube wp-block-embed-youtube wp-embed-aspect-16-9 wp-has-aspect-ratio\"><div class=\"wp-block-embed__wrapper\">\n<div class=\"x-resp-embed x-is-video x-is-youtube\"><iframe loading=\"lazy\" title=\"Dental Implant Surgery\" width=\"500\" height=\"281\" src=\"https:\/\/www.youtube.com\/embed\/7-wHq8d9fuc?feature=oembed\" frameborder=\"0\" allow=\"accelerometer; autoplay; clipboard-write; encrypted-media; gyroscope; picture-in-picture; web-share\" referrerpolicy=\"strict-origin-when-cross-origin\" allowfullscreen><\/iframe><\/div>\n<\/div><\/figure>\n<\/div>\n\n\n\n<div class=\"wp-block-column is-vertically-aligned-center is-layout-flow wp-block-column-is-layout-flow\">\n<p><em>Durante a\u00f1os sent\u00ed que me faltaba una parte del cuerpo, porque me faltaban los dientes. Mi dentista me dijo que los implantes dentales me har\u00edan sentir y verme mucho mejor. Acept\u00e9. Ahora, estoy encantada. Puedo sonre\u00edr, comer de todo y disfrutar de una buena risa con mis amigos.    <\/em><\/p>\n<\/div>\n<\/div>\n","protected":false},"excerpt":{"rendered":"<p>Implantes dentales en South Miami, FL \u00bfQu\u00e9 son los implantes dentales? Un diente natural consta de una ra\u00edz y una corona. Si compara los dientes naturales con los dientes de sustituci\u00f3n soportados por implantes, ver\u00e1 que tienen las mismas partes b\u00e1sicas. Ambos tienen una corona (la parte visible que se utiliza para masticar los alimentos). Ambos tienen una ra\u00edz que&hellip;<\/p>\n","protected":false},"author":1,"featured_media":0,"parent":0,"menu_order":0,"comment_status":"closed","ping_status":"closed","template":"","meta":{"_acf_changed":false,"_seopress_robots_primary_cat":"","_seopress_titles_title":"Dental Implants - Miami - Love Your Jaws","_seopress_titles_desc":"Restore your confidence with dental implants in Miami designed to replace missing teeth and create a natural lasting smile with expert care for you.","_seopress_robots_index":"","footnotes":""},"content-section":[75,66],"class_list":{"0":"post-1093","1":"page","2":"type-page","3":"status-publish","5":"content-section-dental-implants","6":"content-section-robotic-dental-implants","7":"no-post-thumbnail"},"acf":[],"_links":{"self":[{"href":"https:\/\/www.loveyourjaws.com\/es\/wp-json\/wp\/v2\/pages\/1093","targetHints":{"allow":["GET"]}}],"collection":[{"href":"https:\/\/www.loveyourjaws.com\/es\/wp-json\/wp\/v2\/pages"}],"about":[{"href":"https:\/\/www.loveyourjaws.com\/es\/wp-json\/wp\/v2\/types\/page"}],"author":[{"embeddable":true,"href":"https:\/\/www.loveyourjaws.com\/es\/wp-json\/wp\/v2\/users\/1"}],"replies":[{"embeddable":true,"href":"https:\/\/www.loveyourjaws.com\/es\/wp-json\/wp\/v2\/comments?post=1093"}],"version-history":[{"count":4,"href":"https:\/\/www.loveyourjaws.com\/es\/wp-json\/wp\/v2\/pages\/1093\/revisions"}],"predecessor-version":[{"id":1540,"href":"https:\/\/www.loveyourjaws.com\/es\/wp-json\/wp\/v2\/pages\/1093\/revisions\/1540"}],"wp:attachment":[{"href":"https:\/\/www.loveyourjaws.com\/es\/wp-json\/wp\/v2\/media?parent=1093"}],"wp:term":[{"taxonomy":"content-section","embeddable":true,"href":"https:\/\/www.loveyourjaws.com\/es\/wp-json\/wp\/v2\/content-section?post=1093"}],"curies":[{"name":"wp","href":"https:\/\/api.w.org\/{rel}","templated":true}]}}