{"id":1111,"date":"2025-12-25T10:15:12","date_gmt":"2025-12-25T10:15:12","guid":{"rendered":"https:\/\/www.loveyourjaws.com\/extracciones-dentales\/"},"modified":"2026-05-01T16:06:37","modified_gmt":"2026-05-01T16:06:37","slug":"extracciones-dentales","status":"publish","type":"page","link":"https:\/\/www.loveyourjaws.com\/es\/extracciones-dentales\/","title":{"rendered":"Extracciones dentales"},"content":{"rendered":"\n<div class=\"wp-block-columns is-layout-flex wp-container-core-columns-is-layout-9d6595d7 wp-block-columns-is-layout-flex\">\n<div class=\"wp-block-column is-layout-flow wp-block-column-is-layout-flow\" style=\"flex-basis:66%\">\n<p>Usted y el Dr. Dimitrov pueden determinar que necesita una <strong>extracci\u00f3n dental<\/strong> por diversas razones. Algunos dientes se extraen porque est\u00e1n gravemente deteriorados; otros pueden presentar enfermedad periodontal avanzada o haberse fracturado de una manera que no puede repararse. Otros dientes pueden requerir extracci\u00f3n porque est\u00e1n mal posicionados en la boca (como los <a href=\"https:\/\/www.loveyourjaws.com\/es\/news\/exposicion-de-dientes-incluidos\/\" data-type=\"news\" data-id=\"931\">dientes impactados<\/a>) o como preparaci\u00f3n para un tratamiento de ortodoncia.<\/p>\n<\/div>\n\n\n\n<div class=\"wp-block-column is-vertically-aligned-center is-layout-flow wp-block-column-is-layout-flow\" style=\"flex-basis:33.33%\">\n<figure class=\"wp-block-video\"><video height=\"1080\" style=\"aspect-ratio: 1920 \/ 1080;\" width=\"1920\" controls=\"\" poster=\"https:\/\/www.loveyourjaws.com\/wp-content\/uploads\/2025\/12\/Tooth-Extractions.webp\" src=\"https:\/\/www.loveyourjaws.com\/wp-content\/uploads\/2025\/12\/Tooth-Extractions.mp4\"><\/video><\/figure>\n<\/div>\n<\/div>\n\n<p>La <strong>extracci\u00f3n de un solo diente<\/strong> puede ocasionar problemas relacionados con su capacidad de masticaci\u00f3n, problemas con la articulaci\u00f3n de la mand\u00edbula y desplazamiento de los dientes, lo cual puede tener un impacto importante en su salud dental.<\/p>\n\n<p>Para evitar estas complicaciones, en la mayor\u00eda de los casos, el Dr. Dimitrov comentar\u00e1 alternativas a las extracciones, as\u00ed como la sustituci\u00f3n del diente extra\u00eddo.<\/p>\n\n<h2 class=\"wp-block-heading\">El proceso de extracci\u00f3n dental<\/h2>\n\n<p>En el momento de la extracci\u00f3n, el doctor deber\u00e1 anestesiar su diente, hueso mandibular y enc\u00edas que rodean la zona con un anest\u00e9sico local.<\/p>\n\n<p>Durante el proceso de extracci\u00f3n sentir\u00e1 mucha presi\u00f3n. Esto se debe al proceso de balancear firmemente el diente para ensanchar el alv\u00e9olo y facilitar su extracci\u00f3n.<\/p>\n\n<p>Sentir\u00e1 la presi\u00f3n sin dolor, ya que el anest\u00e9sico ha adormecido los nervios que transmiten el dolor, aunque los nervios que transmiten la presi\u00f3n no se ven profundamente afectados.<\/p>\n\n<p>Si siente dolor en cualquier momento durante la extracci\u00f3n, por favor av\u00edsenos de inmediato.<\/p>\n\n<h2 class=\"wp-block-heading\">Seccionar un diente<\/h2>\n\n<p>Algunos dientes requieren ser seccionados. Este es un procedimiento muy com\u00fan que se realiza cuando un diente est\u00e1 tan firmemente anclado en su alv\u00e9olo o la ra\u00edz est\u00e1 curvada y el alv\u00e9olo no puede expandirse lo suficiente para extraerlo. El doctor simplemente corta el diente en secciones y luego extrae cada secci\u00f3n una a la vez.<\/p>\n\n<h2 class=\"wp-block-heading\">Despu\u00e9s de la extracci\u00f3n dental<\/h2>\n\n<p>Para obtener detalles sobre los cuidados en casa despu\u00e9s de la extracci\u00f3n dental, consulte la p\u00e1gina <a href=\"https:\/\/www.loveyourjaws.com\/es\/tooth-extraction\/despues-de-la-extraccion-dental\/\" data-type=\"tooth-extraction\" data-id=\"206\">\u00abDespu\u00e9s de las extracciones\u00bb<\/a>.<\/p>\n","protected":false},"excerpt":{"rendered":"<p>Usted y el Dr. Dimitrov pueden determinar que necesita una extracci\u00f3n dental por diversas razones. Algunos dientes se extraen porque est\u00e1n gravemente deteriorados; otros pueden presentar enfermedad periodontal avanzada o haberse fracturado de una manera que no puede repararse. Otros dientes pueden requerir extracci\u00f3n porque est\u00e1n mal posicionados en la boca (como los dientes impactados) o como preparaci\u00f3n para un&hellip;<\/p>\n","protected":false},"author":1,"featured_media":0,"parent":0,"menu_order":0,"comment_status":"closed","ping_status":"closed","template":"","meta":{"_acf_changed":false,"_seopress_robots_primary_cat":"","_seopress_titles_title":"Tooth Extraction - Miami - Love Your Jaws","_seopress_titles_desc":"Discover safe and comfortable tooth extraction in Miami designed to remove damaged teeth and restore comfort and oral health.","_seopress_robots_index":"","footnotes":""},"content-section":[67],"class_list":{"0":"post-1111","1":"page","2":"type-page","3":"status-publish","5":"content-section-tooth-extraction","6":"no-post-thumbnail"},"acf":[],"_links":{"self":[{"href":"https:\/\/www.loveyourjaws.com\/es\/wp-json\/wp\/v2\/pages\/1111","targetHints":{"allow":["GET"]}}],"collection":[{"href":"https:\/\/www.loveyourjaws.com\/es\/wp-json\/wp\/v2\/pages"}],"about":[{"href":"https:\/\/www.loveyourjaws.com\/es\/wp-json\/wp\/v2\/types\/page"}],"author":[{"embeddable":true,"href":"https:\/\/www.loveyourjaws.com\/es\/wp-json\/wp\/v2\/users\/1"}],"replies":[{"embeddable":true,"href":"https:\/\/www.loveyourjaws.com\/es\/wp-json\/wp\/v2\/comments?post=1111"}],"version-history":[{"count":3,"href":"https:\/\/www.loveyourjaws.com\/es\/wp-json\/wp\/v2\/pages\/1111\/revisions"}],"predecessor-version":[{"id":1550,"href":"https:\/\/www.loveyourjaws.com\/es\/wp-json\/wp\/v2\/pages\/1111\/revisions\/1550"}],"wp:attachment":[{"href":"https:\/\/www.loveyourjaws.com\/es\/wp-json\/wp\/v2\/media?parent=1111"}],"wp:term":[{"taxonomy":"content-section","embeddable":true,"href":"https:\/\/www.loveyourjaws.com\/es\/wp-json\/wp\/v2\/content-section?post=1111"}],"curies":[{"name":"wp","href":"https:\/\/api.w.org\/{rel}","templated":true}]}}