{"id":1175,"date":"2026-03-17T18:25:00","date_gmt":"2026-03-17T18:25:00","guid":{"rendered":"https:\/\/www.loveyourjaws.com\/pagina-no-encontrada\/"},"modified":"2026-03-23T04:22:28","modified_gmt":"2026-03-23T04:22:28","slug":"pagina-no-encontrada","status":"publish","type":"page","link":"https:\/\/www.loveyourjaws.com\/es\/pagina-no-encontrada\/","title":{"rendered":"P\u00e1gina no encontrada"},"content":{"rendered":"<div id=\"cs-content\" class=\"cs-content\"><div class=\"x-section e1175-e1 mwn-0\"><div class=\"x-div e1175-e2 mwn-2\"><span class=\"x-image e1175-e3 mwn-3\"><img decoding=\"async\" src=\"https:\/\/www.loveyourjaws.com\/wp-content\/uploads\/2026\/03\/404-error-page-lyj.webp\" width=\"624\" height=\"284\" alt=\"Image\" loading=\"lazy\"><\/span><div class=\"x-text x-content e1175-e4 mwn-4 mwn-5\"><p class=\"p1\" style=\"text-align: center;\">\u00a1Vaya! Algo falta... <\/p><\/div><div class=\"x-text x-content e1175-e5 mwn-4 mwn-6\"><p class=\"p1\" style=\"text-align: center;\">Parece que no encontramos lo que buscaba. La p\u00e1gina que estaba buscando no existe, no est\u00e1 disponible o se carg\u00f3 incorrectamente. <\/p><\/div><a class=\"x-anchor x-anchor-button e1175-e6 mwn-7 mwn-1\" tabindex=\"0\" href=\"\/\" data-x-effect=\"{&quot;durationBase&quot;:&quot;300ms&quot;}\"><div class=\"x-anchor-content\"><div class=\"x-anchor-text\"><span class=\"x-anchor-text-primary\">Volver al inicio<\/span><\/div><\/div><\/a><\/div><\/div><\/div>","protected":false},"excerpt":{"rendered":"<p>\u00a1Vaya! Algo falta&#8230; Parece que no encontramos lo que buscaba. La p\u00e1gina que estaba buscando no existe, no est\u00e1 disponible o se carg\u00f3 incorrectamente. Volver al inicio<\/p>\n","protected":false},"author":1,"featured_media":0,"parent":0,"menu_order":0,"comment_status":"closed","ping_status":"closed","template":"template-layout-full-width.php","meta":{"_acf_changed":false,"_seopress_robots_primary_cat":"","_seopress_titles_title":"","_seopress_titles_desc":"","_seopress_robots_index":"","footnotes":""},"content-section":[],"class_list":{"0":"post-1175","1":"page","2":"type-page","3":"status-publish","5":"no-post-thumbnail"},"acf":[],"_links":{"self":[{"href":"https:\/\/www.loveyourjaws.com\/es\/wp-json\/wp\/v2\/pages\/1175","targetHints":{"allow":["GET"]}}],"collection":[{"href":"https:\/\/www.loveyourjaws.com\/es\/wp-json\/wp\/v2\/pages"}],"about":[{"href":"https:\/\/www.loveyourjaws.com\/es\/wp-json\/wp\/v2\/types\/page"}],"author":[{"embeddable":true,"href":"https:\/\/www.loveyourjaws.com\/es\/wp-json\/wp\/v2\/users\/1"}],"replies":[{"embeddable":true,"href":"https:\/\/www.loveyourjaws.com\/es\/wp-json\/wp\/v2\/comments?post=1175"}],"version-history":[{"count":2,"href":"https:\/\/www.loveyourjaws.com\/es\/wp-json\/wp\/v2\/pages\/1175\/revisions"}],"predecessor-version":[{"id":1178,"href":"https:\/\/www.loveyourjaws.com\/es\/wp-json\/wp\/v2\/pages\/1175\/revisions\/1178"}],"wp:attachment":[{"href":"https:\/\/www.loveyourjaws.com\/es\/wp-json\/wp\/v2\/media?parent=1175"}],"wp:term":[{"taxonomy":"content-section","embeddable":true,"href":"https:\/\/www.loveyourjaws.com\/es\/wp-json\/wp\/v2\/content-section?post=1175"}],"curies":[{"name":"wp","href":"https:\/\/api.w.org\/{rel}","templated":true}]}}